{"id":9250,"date":"2023-05-19T09:17:26","date_gmt":"2023-05-19T09:17:26","guid":{"rendered":"https:\/\/www.szkolenieparalotniowe.pl\/?page_id=9250"},"modified":"2025-12-05T14:06:18","modified_gmt":"2025-12-05T14:06:18","slug":"contact-us","status":"publish","type":"page","link":"https:\/\/www.szkolenieparalotniowe.pl\/index.php\/contact-us\/","title":{"rendered":"Contact Us"},"content":{"rendered":"\t\t<div data-elementor-type=\"wp-page\" data-elementor-id=\"9250\" class=\"elementor elementor-9250\">\n\t\t\t\t\t\t<section class=\"elementor-section elementor-top-section elementor-element elementor-element-b5bc304 elementor-section-full_width elementor-section-height-min-height elementor-section-content-bottom elementor-section-height-default elementor-section-items-middle\" data-id=\"b5bc304\" data-element_type=\"section\" data-e-type=\"section\">\n\t\t\t\t\t\t<div class=\"elementor-container elementor-column-gap-no\">\n\t\t\t\t\t<div class=\"elementor-column elementor-col-50 elementor-top-column elementor-element elementor-element-064550f\" data-id=\"064550f\" data-element_type=\"column\" data-e-type=\"column\">\n\t\t\t<div class=\"elementor-widget-wrap elementor-element-populated\">\n\t\t\t\t\t\t<div class=\"elementor-element elementor-element-1d87194 elementor-widget elementor-widget-trekon_core_section_title\" data-id=\"1d87194\" data-element_type=\"widget\" data-e-type=\"widget\" data-widget_type=\"trekon_core_section_title.default\">\n\t\t\t\t<div class=\"elementor-widget-container\">\n\t\t\t\t\t<div class=\"qodef-shortcode qodef-m qodef-section-title qodef-alignment--left\">\n\t\t<h2 class=\"qodef-m-title\" >\n\t\t\t\t\tKontakt:\t\t\t<\/h2>\n\t<\/div>\n\t\t\t\t<\/div>\n\t\t\t\t<\/div>\n\t\t\t\t<section class=\"elementor-section elementor-inner-section elementor-element elementor-element-87fd819 elementor-section-boxed elementor-section-height-default elementor-section-height-default\" data-id=\"87fd819\" data-element_type=\"section\" data-e-type=\"section\">\n\t\t\t\t\t\t<div class=\"elementor-container elementor-column-gap-no\">\n\t\t\t\t\t<div class=\"elementor-column elementor-col-50 elementor-inner-column elementor-element elementor-element-8ad0e2a\" data-id=\"8ad0e2a\" data-element_type=\"column\" data-e-type=\"column\" data-settings=\"{&quot;background_background&quot;:&quot;classic&quot;}\">\n\t\t\t<div class=\"elementor-widget-wrap elementor-element-populated\">\n\t\t\t\t\t\t<div class=\"elementor-element elementor-element-8b1562b elementor-widget__width-initial elementor-widget elementor-widget-text-editor\" data-id=\"8b1562b\" data-element_type=\"widget\" data-e-type=\"widget\" data-widget_type=\"text-editor.default\">\n\t\t\t\t\t\t\t\t\t<p><strong>Wszystkie szkolenia podstawowe prowadzimy na powojskowym lotnisku w miejscowo\u015bci Borsk\u00a0<\/strong><\/p>\t\t\t\t\t\t\t\t<\/div>\n\t\t\t\t<div class=\"elementor-element elementor-element-2b2d6d7 elementor-widget__width-initial elementor-widget elementor-widget-text-editor\" data-id=\"2b2d6d7\" data-element_type=\"widget\" data-e-type=\"widget\" data-widget_type=\"text-editor.default\">\n\t\t\t\t\t\t\t\t\t<div><strong style=\"color: black;\">W\u0142a\u015bciciel szko\u0142y:<\/strong><\/div><div>Przemys\u0142aw Kamo\u0144<\/div><div>nr tel 792 274 888<\/div><div>e-mail: <a href=\"mailto:przemekkamon@gmail.com\" target=\"_blank\" rel=\"noopener\">przemekkamon@gmail.com<\/a><\/div>\t\t\t\t\t\t\t\t<\/div>\n\t\t\t\t<div class=\"elementor-element elementor-element-2b20128 elementor-widget__width-initial elementor-widget elementor-widget-text-editor\" data-id=\"2b20128\" data-element_type=\"widget\" data-e-type=\"widget\" data-widget_type=\"text-editor.default\">\n\t\t\t\t\t\t\t\t\t<div><strong style=\"color: black;\">Instruktor i osoba do kontaktu:\u00a0<\/strong><\/div><div>Agnes Ry\u0142owicz<\/div><div>tel 791 900 811<\/div><div>mail <a href=\"mailto:agnes.rylowicz@gmail.com\" target=\"_blank\" rel=\"noopener\">agnes.rylowicz@gmail.com<\/a><\/div>\t\t\t\t\t\t\t\t<\/div>\n\t\t\t\t<div class=\"elementor-element elementor-element-c2722b7 elementor-widget elementor-widget-trekon_core_section_title\" data-id=\"c2722b7\" data-element_type=\"widget\" data-e-type=\"widget\" data-widget_type=\"trekon_core_section_title.default\">\n\t\t\t\t<div class=\"elementor-widget-container\">\n\t\t\t\t\t<div class=\"qodef-shortcode qodef-m qodef-section-title qodef-alignment--left\">\n\t\t<h4 class=\"qodef-m-title\" >\n\t\t\t\t\tCOLLAGE LotyParalotnia.pl\t\t\t<\/h4>\n\t<\/div>\n\t\t\t\t<\/div>\n\t\t\t\t<\/div>\n\t\t\t\t<div class=\"elementor-element elementor-element-25423c1 elementor-widget elementor-widget-text-editor\" data-id=\"25423c1\" data-element_type=\"widget\" data-e-type=\"widget\" data-widget_type=\"text-editor.default\">\n\t\t\t\t\t\t\t\t\t<p>ul. Droga S\u0142owackiego 16,<br \/>83-021 Rokitnica, <br \/>NIP 5932077676, <br \/>REGON 191598696<\/p>\t\t\t\t\t\t\t\t<\/div>\n\t\t\t\t<div class=\"elementor-element elementor-element-8c45feb elementor-widget elementor-widget-text-editor\" data-id=\"8c45feb\" data-element_type=\"widget\" data-e-type=\"widget\" data-widget_type=\"text-editor.default\">\n\t\t\t\t\t\t\t\t\t<p>Szko\u0142a Paralotniowa wpisana do rejestru podmiot\u00f3w szkol\u0105cych w ULC pod nr certyfikatu 237RPS-11\/2017<\/p>\t\t\t\t\t\t\t\t<\/div>\n\t\t\t\t<div class=\"elementor-element elementor-element-94e5bd0 elementor-widget elementor-widget-text-editor\" data-id=\"94e5bd0\" data-element_type=\"widget\" data-e-type=\"widget\" data-widget_type=\"text-editor.default\">\n\t\t\t\t\t\t\t\t\t<p>Fax. <a href=\"http:\/\/+48.792%20274%20888\/\">+48.792 274 888<\/a><\/p>\t\t\t\t\t\t\t\t<\/div>\n\t\t\t\t<div class=\"elementor-element elementor-element-0f765fa elementor-widget elementor-widget-text-editor\" data-id=\"0f765fa\" data-element_type=\"widget\" data-e-type=\"widget\" data-widget_type=\"text-editor.default\">\n\t\t\t\t\t\t\t\t\t<p>kontakt@lotyparalotnia.pl<\/p>\t\t\t\t\t\t\t\t<\/div>\n\t\t\t\t\t<\/div>\n\t\t<\/div>\n\t\t\t\t<div class=\"elementor-column elementor-col-50 elementor-inner-column elementor-element elementor-element-da32e21\" data-id=\"da32e21\" data-element_type=\"column\" data-e-type=\"column\">\n\t\t\t<div class=\"elementor-widget-wrap elementor-element-populated\">\n\t\t\t\t\t\t<div class=\"elementor-element elementor-element-e112e1c elementor-widget elementor-widget-trekon_core_section_title\" data-id=\"e112e1c\" data-element_type=\"widget\" data-e-type=\"widget\" data-widget_type=\"trekon_core_section_title.default\">\n\t\t\t\t<div class=\"elementor-widget-container\">\n\t\t\t\t\t<div class=\"qodef-shortcode qodef-m qodef-section-title qodef-alignment--left\">\n\t\t<\/div>\n\t\t\t\t<\/div>\n\t\t\t\t<\/div>\n\t\t\t\t<div class=\"elementor-element elementor-element-5dca031 elementor-widget__width-auto elementor-widget elementor-widget-trekon_core_icon\" data-id=\"5dca031\" data-element_type=\"widget\" data-e-type=\"widget\" data-widget_type=\"trekon_core_icon.default\">\n\t\t\t\t<div class=\"elementor-widget-container\">\n\t\t\t\t\t<span class=\"qodef-shortcode qodef-m qodef-icon-holder qodef-size--default qodef-layout--normal\"  >\n\t\t\t\t<\/span>\n\t\t\t\t<\/div>\n\t\t\t\t<\/div>\n\t\t\t\t\t<\/div>\n\t\t<\/div>\n\t\t\t\t\t<\/div>\n\t\t<\/section>\n\t\t\t\t<section class=\"elementor-section elementor-inner-section elementor-element elementor-element-39bd960 elementor-section-boxed elementor-section-height-default elementor-section-height-default\" data-id=\"39bd960\" data-element_type=\"section\" data-e-type=\"section\">\n\t\t\t\t\t\t<div class=\"elementor-container elementor-column-gap-no\">\n\t\t\t\t\t<div class=\"elementor-column elementor-col-100 elementor-inner-column elementor-element elementor-element-6a65771\" data-id=\"6a65771\" data-element_type=\"column\" data-e-type=\"column\">\n\t\t\t<div class=\"elementor-widget-wrap elementor-element-populated\">\n\t\t\t\t\t\t<div class=\"elementor-element elementor-element-bbc83ad elementor-widget__width-auto elementor-widget elementor-widget-trekon_core_icon\" data-id=\"bbc83ad\" data-element_type=\"widget\" data-e-type=\"widget\" data-widget_type=\"trekon_core_icon.default\">\n\t\t\t\t<div class=\"elementor-widget-container\">\n\t\t\t\t\t<span class=\"qodef-shortcode qodef-m qodef-icon-holder qodef-size--default qodef-layout--normal\" data-hover-color=\"#9A9A9A\" >\n\t\t\t<a itemprop=\"url\" href=\"https:\/\/www.instagram.com\/szkolenieparalotniowe.pl\/?__coig_restricted=1\" target=\"_blank\">\n\t\t\t<span class=\"qodef-icon-font-awesome fab fa-instagram qodef-icon qodef-e\" style=\"font-size: 19px\" ><\/span>\t\t\t<\/a>\n\t<\/span>\n\t\t\t\t<\/div>\n\t\t\t\t<\/div>\n\t\t\t\t<div class=\"elementor-element elementor-element-bdc4061 elementor-widget__width-auto elementor-widget elementor-widget-trekon_core_icon\" data-id=\"bdc4061\" data-element_type=\"widget\" data-e-type=\"widget\" data-widget_type=\"trekon_core_icon.default\">\n\t\t\t\t<div class=\"elementor-widget-container\">\n\t\t\t\t\t<span class=\"qodef-shortcode qodef-m qodef-icon-holder qodef-size--default qodef-layout--normal\" data-hover-color=\"#9A9A9A\" >\n\t\t\t<a itemprop=\"url\" href=\"https:\/\/www.facebook.com\/SzkolenieParalotniowe\/\" target=\"_blank\">\n\t\t\t<span class=\"qodef-icon-font-awesome fab fa-facebook-square qodef-icon qodef-e\" style=\"font-size: 19px\" ><\/span>\t\t\t<\/a>\n\t<\/span>\n\t\t\t\t<\/div>\n\t\t\t\t<\/div>\n\t\t\t\t<div class=\"elementor-element elementor-element-1f80823 elementor-widget__width-auto elementor-widget elementor-widget-trekon_core_icon\" data-id=\"1f80823\" data-element_type=\"widget\" data-e-type=\"widget\" data-widget_type=\"trekon_core_icon.default\">\n\t\t\t\t<div class=\"elementor-widget-container\">\n\t\t\t\t\t<span class=\"qodef-shortcode qodef-m qodef-icon-holder qodef-size--default qodef-layout--normal\" data-hover-color=\"#9A9A9A\" >\n\t\t\t<a itemprop=\"url\" href=\"https:\/\/www.youtube.com\/user\/LotyParalotnia\" target=\"_blank\">\n\t\t\t<span class=\"qodef-icon-font-awesome fab fa-youtube qodef-icon qodef-e\" style=\"font-size: 19px\" ><\/span>\t\t\t<\/a>\n\t<\/span>\n\t\t\t\t<\/div>\n\t\t\t\t<\/div>\n\t\t\t\t\t<\/div>\n\t\t<\/div>\n\t\t\t\t\t<\/div>\n\t\t<\/section>\n\t\t\t\t\t<\/div>\n\t\t<\/div>\n\t\t\t\t<div class=\"elementor-column elementor-col-50 elementor-top-column elementor-element elementor-element-54a4db5\" data-id=\"54a4db5\" data-element_type=\"column\" data-e-type=\"column\" data-settings=\"{&quot;background_background&quot;:&quot;classic&quot;}\">\n\t\t\t<div class=\"elementor-widget-wrap elementor-element-populated\">\n\t\t\t\t\t\t<div class=\"elementor-element elementor-element-7a64d73 elementor-widget elementor-widget-image\" data-id=\"7a64d73\" data-element_type=\"widget\" data-e-type=\"widget\" data-widget_type=\"image.default\">\n\t\t\t\t\t\t\t\t\t\t\t\t\t\t\t<img fetchpriority=\"high\" decoding=\"async\" width=\"960\" height=\"980\" src=\"https:\/\/www.szkolenieparalotniowe.pl\/wp-content\/uploads\/2025\/12\/mapa-borsk.jpg\" class=\"attachment-full size-full wp-image-9240\" alt=\"\" srcset=\"https:\/\/www.szkolenieparalotniowe.pl\/wp-content\/uploads\/2025\/12\/mapa-borsk.jpg 960w, https:\/\/www.szkolenieparalotniowe.pl\/wp-content\/uploads\/2025\/12\/mapa-borsk-294x300.jpg 294w, https:\/\/www.szkolenieparalotniowe.pl\/wp-content\/uploads\/2025\/12\/mapa-borsk-768x784.jpg 768w\" sizes=\"(max-width: 960px) 100vw, 960px\" \/>\t\t\t\t\t\t\t\t\t\t\t\t\t\t\t<\/div>\n\t\t\t\t<div class=\"elementor-element elementor-element-390caa3 elementor-widget elementor-widget-trekon_core_google_map\" data-id=\"390caa3\" data-element_type=\"widget\" data-e-type=\"widget\" data-widget_type=\"trekon_core_google_map.default\">\n\t\t\t\t<div class=\"elementor-widget-container\">\n\t\t\t\t\t<div class=\"qodef-shortcode qodef-m qodef-google-map qodef-full-height\">\n\t<div class=\"qodef-m-map\" id=\"qodef-map-id--417\" data-addresses='[\"83-442 Borsk\"]' data-pin=https:\/\/www.szkolenieparalotniowe.pl\/wp-content\/plugins\/trekon-core\/inc\/maps\/assets\/img\/pin.png data-unique-id=417 data-height=500><\/div>\n<\/div>\n\t\t\t\t<\/div>\n\t\t\t\t<\/div>\n\t\t\t\t\t<\/div>\n\t\t<\/div>\n\t\t\t\t\t<\/div>\n\t\t<\/section>\n\t\t\t\t<\/div>\n\t\t","protected":false},"excerpt":{"rendered":"<p>Kontakt: Wszystkie szkolenia podstawowe prowadzimy na powojskowym lotnisku w miejscowo\u015bci Borsk\u00a0 W\u0142a\u015bciciel szko\u0142y:Przemys\u0142aw Kamo\u0144nr tel 792 274 888e-mail: przemekkamon@gmail.comInstruktor i osoba do kontaktu:\u00a0Agnes Ry\u0142owicztel 791 900 811mail agnes.rylowicz@gmail.com COLLAGE LotyParalotnia.pl ul. Droga S\u0142owackiego 16,83-021 Rokitnica, NIP 5932077676, REGON 191598696 Szko\u0142a Paralotniowa wpisana do rejestru podmiot\u00f3w szkol\u0105cych w ULC pod nr certyfikatu 237RPS-11\/2017 Fax. +48.792 274 [&hellip;]<\/p>\n","protected":false},"author":1,"featured_media":0,"parent":0,"menu_order":0,"comment_status":"closed","ping_status":"closed","template":"page-full-width.php","meta":{"footnotes":""},"class_list":["post-9250","page","type-page","status-publish","hentry"],"yoast_head":"<!-- This site is optimized with the Yoast SEO plugin v27.5 - https:\/\/yoast.com\/product\/yoast-seo-wordpress\/ -->\n<title>Contact Us - Kursy Szkolenia Paralotniowe Lotyparalotnia.pl<\/title>\n<meta name=\"robots\" content=\"index, follow, max-snippet:-1, max-image-preview:large, max-video-preview:-1\" \/>\n<link rel=\"canonical\" href=\"https:\/\/www.szkolenieparalotniowe.pl\/index.php\/contact-us\/\" \/>\n<meta property=\"og:locale\" content=\"pl_PL\" \/>\n<meta property=\"og:type\" content=\"article\" \/>\n<meta property=\"og:title\" content=\"Contact Us - Kursy Szkolenia Paralotniowe Lotyparalotnia.pl\" \/>\n<meta property=\"og:description\" content=\"Kontakt: Wszystkie szkolenia podstawowe prowadzimy na powojskowym lotnisku w miejscowo\u015bci Borsk\u00a0 W\u0142a\u015bciciel szko\u0142y:Przemys\u0142aw Kamo\u0144nr tel 792 274 888e-mail: przemekkamon@gmail.comInstruktor i osoba do kontaktu:\u00a0Agnes Ry\u0142owicztel 791 900 811mail agnes.rylowicz@gmail.com COLLAGE LotyParalotnia.pl ul. Droga S\u0142owackiego 16,83-021 Rokitnica, NIP 5932077676, REGON 191598696 Szko\u0142a Paralotniowa wpisana do rejestru podmiot\u00f3w szkol\u0105cych w ULC pod nr certyfikatu 237RPS-11\/2017 Fax. +48.792 274 [&hellip;]\" \/>\n<meta property=\"og:url\" content=\"https:\/\/www.szkolenieparalotniowe.pl\/index.php\/contact-us\/\" \/>\n<meta property=\"og:site_name\" content=\"Kursy Szkolenia Paralotniowe Lotyparalotnia.pl\" \/>\n<meta property=\"article:modified_time\" content=\"2025-12-05T14:06:18+00:00\" \/>\n<meta property=\"og:image\" content=\"http:\/\/www.szkolenieparalotniowe.pl\/wp-content\/uploads\/2025\/12\/mapa-borsk.jpg\" \/>\n<meta name=\"twitter:card\" content=\"summary_large_image\" \/>\n<meta name=\"twitter:label1\" content=\"Szacowany czas czytania\" \/>\n\t<meta name=\"twitter:data1\" content=\"1 minuta\" \/>\n<script type=\"application\/ld+json\" class=\"yoast-schema-graph\">{\"@context\":\"https:\\\/\\\/schema.org\",\"@graph\":[{\"@type\":\"WebPage\",\"@id\":\"https:\\\/\\\/www.szkolenieparalotniowe.pl\\\/index.php\\\/contact-us\\\/\",\"url\":\"https:\\\/\\\/www.szkolenieparalotniowe.pl\\\/index.php\\\/contact-us\\\/\",\"name\":\"Contact Us - Kursy Szkolenia Paralotniowe Lotyparalotnia.pl\",\"isPartOf\":{\"@id\":\"https:\\\/\\\/www.szkolenieparalotniowe.pl\\\/#website\"},\"primaryImageOfPage\":{\"@id\":\"https:\\\/\\\/www.szkolenieparalotniowe.pl\\\/index.php\\\/contact-us\\\/#primaryimage\"},\"image\":{\"@id\":\"https:\\\/\\\/www.szkolenieparalotniowe.pl\\\/index.php\\\/contact-us\\\/#primaryimage\"},\"thumbnailUrl\":\"http:\\\/\\\/www.szkolenieparalotniowe.pl\\\/wp-content\\\/uploads\\\/2025\\\/12\\\/mapa-borsk.jpg\",\"datePublished\":\"2023-05-19T09:17:26+00:00\",\"dateModified\":\"2025-12-05T14:06:18+00:00\",\"breadcrumb\":{\"@id\":\"https:\\\/\\\/www.szkolenieparalotniowe.pl\\\/index.php\\\/contact-us\\\/#breadcrumb\"},\"inLanguage\":\"pl-PL\",\"potentialAction\":[{\"@type\":\"ReadAction\",\"target\":[\"https:\\\/\\\/www.szkolenieparalotniowe.pl\\\/index.php\\\/contact-us\\\/\"]}]},{\"@type\":\"ImageObject\",\"inLanguage\":\"pl-PL\",\"@id\":\"https:\\\/\\\/www.szkolenieparalotniowe.pl\\\/index.php\\\/contact-us\\\/#primaryimage\",\"url\":\"https:\\\/\\\/www.szkolenieparalotniowe.pl\\\/wp-content\\\/uploads\\\/2025\\\/12\\\/mapa-borsk.jpg\",\"contentUrl\":\"https:\\\/\\\/www.szkolenieparalotniowe.pl\\\/wp-content\\\/uploads\\\/2025\\\/12\\\/mapa-borsk.jpg\",\"width\":960,\"height\":980},{\"@type\":\"BreadcrumbList\",\"@id\":\"https:\\\/\\\/www.szkolenieparalotniowe.pl\\\/index.php\\\/contact-us\\\/#breadcrumb\",\"itemListElement\":[{\"@type\":\"ListItem\",\"position\":1,\"name\":\"Strona g\u0142\u00f3wna\",\"item\":\"https:\\\/\\\/www.szkolenieparalotniowe.pl\\\/\"},{\"@type\":\"ListItem\",\"position\":2,\"name\":\"Contact Us\"}]},{\"@type\":\"WebSite\",\"@id\":\"https:\\\/\\\/www.szkolenieparalotniowe.pl\\\/#website\",\"url\":\"https:\\\/\\\/www.szkolenieparalotniowe.pl\\\/\",\"name\":\"Kursy Szkolenia Paralotniowe Lotyparalotnia.pl\",\"description\":\"\",\"publisher\":{\"@id\":\"https:\\\/\\\/www.szkolenieparalotniowe.pl\\\/#organization\"},\"potentialAction\":[{\"@type\":\"SearchAction\",\"target\":{\"@type\":\"EntryPoint\",\"urlTemplate\":\"https:\\\/\\\/www.szkolenieparalotniowe.pl\\\/?s={search_term_string}\"},\"query-input\":{\"@type\":\"PropertyValueSpecification\",\"valueRequired\":true,\"valueName\":\"search_term_string\"}}],\"inLanguage\":\"pl-PL\"},{\"@type\":\"Organization\",\"@id\":\"https:\\\/\\\/www.szkolenieparalotniowe.pl\\\/#organization\",\"name\":\"Lotyparalotnia.pl\",\"url\":\"https:\\\/\\\/www.szkolenieparalotniowe.pl\\\/\",\"logo\":{\"@type\":\"ImageObject\",\"inLanguage\":\"pl-PL\",\"@id\":\"https:\\\/\\\/www.szkolenieparalotniowe.pl\\\/#\\\/schema\\\/logo\\\/image\\\/\",\"url\":\"https:\\\/\\\/www.szkolenieparalotniowe.pl\\\/wp-content\\\/uploads\\\/2025\\\/12\\\/cropped-favicon.png\",\"contentUrl\":\"https:\\\/\\\/www.szkolenieparalotniowe.pl\\\/wp-content\\\/uploads\\\/2025\\\/12\\\/cropped-favicon.png\",\"width\":512,\"height\":512,\"caption\":\"Lotyparalotnia.pl\"},\"image\":{\"@id\":\"https:\\\/\\\/www.szkolenieparalotniowe.pl\\\/#\\\/schema\\\/logo\\\/image\\\/\"}}]}<\/script>\n<!-- \/ Yoast SEO plugin. -->","yoast_head_json":{"title":"Contact Us - Kursy Szkolenia Paralotniowe Lotyparalotnia.pl","robots":{"index":"index","follow":"follow","max-snippet":"max-snippet:-1","max-image-preview":"max-image-preview:large","max-video-preview":"max-video-preview:-1"},"canonical":"https:\/\/www.szkolenieparalotniowe.pl\/index.php\/contact-us\/","og_locale":"pl_PL","og_type":"article","og_title":"Contact Us - Kursy Szkolenia Paralotniowe Lotyparalotnia.pl","og_description":"Kontakt: Wszystkie szkolenia podstawowe prowadzimy na powojskowym lotnisku w miejscowo\u015bci Borsk\u00a0 W\u0142a\u015bciciel szko\u0142y:Przemys\u0142aw Kamo\u0144nr tel 792 274 888e-mail: przemekkamon@gmail.comInstruktor i osoba do kontaktu:\u00a0Agnes Ry\u0142owicztel 791 900 811mail agnes.rylowicz@gmail.com COLLAGE LotyParalotnia.pl ul. Droga S\u0142owackiego 16,83-021 Rokitnica, NIP 5932077676, REGON 191598696 Szko\u0142a Paralotniowa wpisana do rejestru podmiot\u00f3w szkol\u0105cych w ULC pod nr certyfikatu 237RPS-11\/2017 Fax. +48.792 274 [&hellip;]","og_url":"https:\/\/www.szkolenieparalotniowe.pl\/index.php\/contact-us\/","og_site_name":"Kursy Szkolenia Paralotniowe Lotyparalotnia.pl","article_modified_time":"2025-12-05T14:06:18+00:00","og_image":[{"url":"http:\/\/www.szkolenieparalotniowe.pl\/wp-content\/uploads\/2025\/12\/mapa-borsk.jpg","type":"","width":"","height":""}],"twitter_card":"summary_large_image","twitter_misc":{"Szacowany czas czytania":"1 minuta"},"schema":{"@context":"https:\/\/schema.org","@graph":[{"@type":"WebPage","@id":"https:\/\/www.szkolenieparalotniowe.pl\/index.php\/contact-us\/","url":"https:\/\/www.szkolenieparalotniowe.pl\/index.php\/contact-us\/","name":"Contact Us - Kursy Szkolenia Paralotniowe Lotyparalotnia.pl","isPartOf":{"@id":"https:\/\/www.szkolenieparalotniowe.pl\/#website"},"primaryImageOfPage":{"@id":"https:\/\/www.szkolenieparalotniowe.pl\/index.php\/contact-us\/#primaryimage"},"image":{"@id":"https:\/\/www.szkolenieparalotniowe.pl\/index.php\/contact-us\/#primaryimage"},"thumbnailUrl":"http:\/\/www.szkolenieparalotniowe.pl\/wp-content\/uploads\/2025\/12\/mapa-borsk.jpg","datePublished":"2023-05-19T09:17:26+00:00","dateModified":"2025-12-05T14:06:18+00:00","breadcrumb":{"@id":"https:\/\/www.szkolenieparalotniowe.pl\/index.php\/contact-us\/#breadcrumb"},"inLanguage":"pl-PL","potentialAction":[{"@type":"ReadAction","target":["https:\/\/www.szkolenieparalotniowe.pl\/index.php\/contact-us\/"]}]},{"@type":"ImageObject","inLanguage":"pl-PL","@id":"https:\/\/www.szkolenieparalotniowe.pl\/index.php\/contact-us\/#primaryimage","url":"https:\/\/www.szkolenieparalotniowe.pl\/wp-content\/uploads\/2025\/12\/mapa-borsk.jpg","contentUrl":"https:\/\/www.szkolenieparalotniowe.pl\/wp-content\/uploads\/2025\/12\/mapa-borsk.jpg","width":960,"height":980},{"@type":"BreadcrumbList","@id":"https:\/\/www.szkolenieparalotniowe.pl\/index.php\/contact-us\/#breadcrumb","itemListElement":[{"@type":"ListItem","position":1,"name":"Strona g\u0142\u00f3wna","item":"https:\/\/www.szkolenieparalotniowe.pl\/"},{"@type":"ListItem","position":2,"name":"Contact Us"}]},{"@type":"WebSite","@id":"https:\/\/www.szkolenieparalotniowe.pl\/#website","url":"https:\/\/www.szkolenieparalotniowe.pl\/","name":"Kursy Szkolenia Paralotniowe Lotyparalotnia.pl","description":"","publisher":{"@id":"https:\/\/www.szkolenieparalotniowe.pl\/#organization"},"potentialAction":[{"@type":"SearchAction","target":{"@type":"EntryPoint","urlTemplate":"https:\/\/www.szkolenieparalotniowe.pl\/?s={search_term_string}"},"query-input":{"@type":"PropertyValueSpecification","valueRequired":true,"valueName":"search_term_string"}}],"inLanguage":"pl-PL"},{"@type":"Organization","@id":"https:\/\/www.szkolenieparalotniowe.pl\/#organization","name":"Lotyparalotnia.pl","url":"https:\/\/www.szkolenieparalotniowe.pl\/","logo":{"@type":"ImageObject","inLanguage":"pl-PL","@id":"https:\/\/www.szkolenieparalotniowe.pl\/#\/schema\/logo\/image\/","url":"https:\/\/www.szkolenieparalotniowe.pl\/wp-content\/uploads\/2025\/12\/cropped-favicon.png","contentUrl":"https:\/\/www.szkolenieparalotniowe.pl\/wp-content\/uploads\/2025\/12\/cropped-favicon.png","width":512,"height":512,"caption":"Lotyparalotnia.pl"},"image":{"@id":"https:\/\/www.szkolenieparalotniowe.pl\/#\/schema\/logo\/image\/"}}]}},"_links":{"self":[{"href":"https:\/\/www.szkolenieparalotniowe.pl\/index.php\/wp-json\/wp\/v2\/pages\/9250","targetHints":{"allow":["GET"]}}],"collection":[{"href":"https:\/\/www.szkolenieparalotniowe.pl\/index.php\/wp-json\/wp\/v2\/pages"}],"about":[{"href":"https:\/\/www.szkolenieparalotniowe.pl\/index.php\/wp-json\/wp\/v2\/types\/page"}],"author":[{"embeddable":true,"href":"https:\/\/www.szkolenieparalotniowe.pl\/index.php\/wp-json\/wp\/v2\/users\/1"}],"replies":[{"embeddable":true,"href":"https:\/\/www.szkolenieparalotniowe.pl\/index.php\/wp-json\/wp\/v2\/comments?post=9250"}],"version-history":[{"count":10,"href":"https:\/\/www.szkolenieparalotniowe.pl\/index.php\/wp-json\/wp\/v2\/pages\/9250\/revisions"}],"predecessor-version":[{"id":9534,"href":"https:\/\/www.szkolenieparalotniowe.pl\/index.php\/wp-json\/wp\/v2\/pages\/9250\/revisions\/9534"}],"wp:attachment":[{"href":"https:\/\/www.szkolenieparalotniowe.pl\/index.php\/wp-json\/wp\/v2\/media?parent=9250"}],"curies":[{"name":"wp","href":"https:\/\/api.w.org\/{rel}","templated":true}]}}