{"id":8966,"date":"2025-09-08T17:02:46","date_gmt":"2025-09-08T17:02:46","guid":{"rendered":"https:\/\/www.szkolenieparalotniowe.pl\/?page_id=8966"},"modified":"2026-01-08T17:27:18","modified_gmt":"2026-01-08T17:27:18","slug":"etap-i-ii-plus-h","status":"publish","type":"page","link":"https:\/\/www.szkolenieparalotniowe.pl\/index.php\/etap-i-ii-plus-h\/","title":{"rendered":"Etap I, II plus H"},"content":{"rendered":"\t\t<div data-elementor-type=\"wp-page\" data-elementor-id=\"8966\" class=\"elementor elementor-8966\">\n\t\t\t\t<div class=\"elementor-element elementor-element-58499a3e e-flex e-con-boxed e-con e-parent\" data-id=\"58499a3e\" data-element_type=\"container\" data-e-type=\"container\">\n\t\t\t\t\t<div class=\"e-con-inner\">\n\t\t\t\t<div class=\"elementor-element elementor-element-78d12f3f elementor-widget elementor-widget-text-editor\" data-id=\"78d12f3f\" data-element_type=\"widget\" data-e-type=\"widget\" data-widget_type=\"text-editor.default\">\n\t\t\t\t\t\t\t\t\t<p><strong>Wp\u0142ata za szkolenie ca\u0142o\u015bciowe do uzyskania licencji pilota \u015aK. I i II etap plus szkolenie H (holowanie)<\/strong><\/p>\t\t\t\t\t\t\t\t<\/div>\n\t\t\t\t<div class=\"elementor-element elementor-element-d65b1c5 elementor-widget elementor-widget-image\" data-id=\"d65b1c5\" data-element_type=\"widget\" data-e-type=\"widget\" data-widget_type=\"image.default\">\n\t\t\t\t\t\t\t\t\t\t\t\t<figure class=\"wp-caption\">\n\t\t\t\t\t\t\t\t\t\t\t<a href=\"\/wp-content\/uploads\/2025\/11\/Przelewy24_logo_small.png\">\n\t\t\t\t\t\t\t<img decoding=\"async\" src=\"https:\/\/www.szkolenieparalotniowe.pl\/wp-content\/uploads\/2025\/11\/Przelewy24_logo_small.png\" title=\"Przelewy24_logo_small\" alt=\"Przelewy24_logo_small\" loading=\"lazy\" \/>\t\t\t\t\t\t\t\t<\/a>\n\t\t\t\t\t\t\t\t\t\t\t<figcaption class=\"widget-image-caption wp-caption-text\">Regulamin<\/figcaption>\n\t\t\t\t\t\t\t\t\t\t<\/figure>\n\t\t\t\t\t\t\t\t\t<\/div>\n\t\t\t\t\t<\/div>\n\t\t\t\t<\/div>\n\t\t<div class=\"elementor-element elementor-element-8137a04 e-flex e-con-boxed e-con e-parent\" data-id=\"8137a04\" data-element_type=\"container\" data-e-type=\"container\">\n\t\t\t\t\t<div class=\"e-con-inner\">\n\t\t\t\t<div class=\"elementor-element elementor-element-88c2b0e elementor-widget elementor-widget-qi_addons_for_elementor_button\" data-id=\"88c2b0e\" data-element_type=\"widget\" data-e-type=\"widget\" data-widget_type=\"qi_addons_for_elementor_button.default\">\n\t\t\t\t<div class=\"elementor-widget-container\">\n\t\t\t\t\t<a class=\"qodef-shortcode qodef-m qodef-qi-button qodef-html--link qodef-layout--filled qodef-type--standard qodef-icon--right qodef-hover--icon-move-horizontal-short\" href=\"https:\/\/ssl.dotpay.pl\/t2\/?pid=y91ja02e90ojidw0et8uwgxuiowiax3q\" target=\"_self\">\n\t<span class=\"qodef-m-text\">Akceptuje regulamin<\/span>\n\t<\/a>\n\t\t\t\t<\/div>\n\t\t\t\t<\/div>\n\t\t\t\t\t<\/div>\n\t\t\t\t<\/div>\n\t\t\t\t<\/div>\n\t\t","protected":false},"excerpt":{"rendered":"<p>Wp\u0142ata za szkolenie ca\u0142o\u015bciowe do uzyskania licencji pilota \u015aK. I i II etap plus szkolenie H (holowanie) Regulamin Akceptuje regulamin<\/p>\n","protected":false},"author":1,"featured_media":0,"parent":0,"menu_order":0,"comment_status":"closed","ping_status":"open","template":"","meta":{"footnotes":""},"class_list":["post-8966","page","type-page","status-publish","hentry"],"yoast_head":"<!-- This site is optimized with the Yoast SEO plugin v27.5 - https:\/\/yoast.com\/product\/yoast-seo-wordpress\/ -->\n<title>Etap I, II plus H - Kursy Szkolenia Paralotniowe Lotyparalotnia.pl<\/title>\n<meta name=\"description\" content=\"Wp\u0142ata za szkolenie ca\u0142o\u015bciowe do uzyskania licencji pilota \u015aK. I i II etap plus szkolenie H (holowanie). Zapraszamy!\" \/>\n<meta name=\"robots\" content=\"index, follow, max-snippet:-1, max-image-preview:large, max-video-preview:-1\" \/>\n<link rel=\"canonical\" href=\"https:\/\/www.szkolenieparalotniowe.pl\/index.php\/etap-i-ii-plus-h\/\" \/>\n<meta property=\"og:locale\" content=\"pl_PL\" \/>\n<meta property=\"og:type\" content=\"article\" \/>\n<meta property=\"og:title\" content=\"Etap I, II plus H - Kursy Szkolenia Paralotniowe Lotyparalotnia.pl\" \/>\n<meta property=\"og:description\" content=\"Wp\u0142ata za szkolenie ca\u0142o\u015bciowe do uzyskania licencji pilota \u015aK. I i II etap plus szkolenie H (holowanie). Zapraszamy!\" \/>\n<meta property=\"og:url\" content=\"https:\/\/www.szkolenieparalotniowe.pl\/index.php\/etap-i-ii-plus-h\/\" \/>\n<meta property=\"og:site_name\" content=\"Kursy Szkolenia Paralotniowe Lotyparalotnia.pl\" \/>\n<meta property=\"article:modified_time\" content=\"2026-01-08T17:27:18+00:00\" \/>\n<meta property=\"og:image\" content=\"http:\/\/www.szkolenieparalotniowe.pl\/wp-content\/uploads\/2025\/11\/Przelewy24_logo_small.png\" \/>\n<meta name=\"twitter:card\" content=\"summary_large_image\" \/>\n<meta name=\"twitter:label1\" content=\"Szacowany czas czytania\" \/>\n\t<meta name=\"twitter:data1\" content=\"1 minuta\" \/>\n<script type=\"application\/ld+json\" class=\"yoast-schema-graph\">{\"@context\":\"https:\\\/\\\/schema.org\",\"@graph\":[{\"@type\":\"WebPage\",\"@id\":\"https:\\\/\\\/www.szkolenieparalotniowe.pl\\\/index.php\\\/etap-i-ii-plus-h\\\/\",\"url\":\"https:\\\/\\\/www.szkolenieparalotniowe.pl\\\/index.php\\\/etap-i-ii-plus-h\\\/\",\"name\":\"Etap I, II plus H - Kursy Szkolenia Paralotniowe Lotyparalotnia.pl\",\"isPartOf\":{\"@id\":\"https:\\\/\\\/www.szkolenieparalotniowe.pl\\\/#website\"},\"primaryImageOfPage\":{\"@id\":\"https:\\\/\\\/www.szkolenieparalotniowe.pl\\\/index.php\\\/etap-i-ii-plus-h\\\/#primaryimage\"},\"image\":{\"@id\":\"https:\\\/\\\/www.szkolenieparalotniowe.pl\\\/index.php\\\/etap-i-ii-plus-h\\\/#primaryimage\"},\"thumbnailUrl\":\"http:\\\/\\\/www.szkolenieparalotniowe.pl\\\/wp-content\\\/uploads\\\/2025\\\/11\\\/Przelewy24_logo_small.png\",\"datePublished\":\"2025-09-08T17:02:46+00:00\",\"dateModified\":\"2026-01-08T17:27:18+00:00\",\"description\":\"Wp\u0142ata za szkolenie ca\u0142o\u015bciowe do uzyskania licencji pilota \u015aK. I i II etap plus szkolenie H (holowanie). Zapraszamy!\",\"breadcrumb\":{\"@id\":\"https:\\\/\\\/www.szkolenieparalotniowe.pl\\\/index.php\\\/etap-i-ii-plus-h\\\/#breadcrumb\"},\"inLanguage\":\"pl-PL\",\"potentialAction\":[{\"@type\":\"ReadAction\",\"target\":[\"https:\\\/\\\/www.szkolenieparalotniowe.pl\\\/index.php\\\/etap-i-ii-plus-h\\\/\"]}]},{\"@type\":\"ImageObject\",\"inLanguage\":\"pl-PL\",\"@id\":\"https:\\\/\\\/www.szkolenieparalotniowe.pl\\\/index.php\\\/etap-i-ii-plus-h\\\/#primaryimage\",\"url\":\"http:\\\/\\\/www.szkolenieparalotniowe.pl\\\/wp-content\\\/uploads\\\/2025\\\/11\\\/Przelewy24_logo_small.png\",\"contentUrl\":\"http:\\\/\\\/www.szkolenieparalotniowe.pl\\\/wp-content\\\/uploads\\\/2025\\\/11\\\/Przelewy24_logo_small.png\"},{\"@type\":\"BreadcrumbList\",\"@id\":\"https:\\\/\\\/www.szkolenieparalotniowe.pl\\\/index.php\\\/etap-i-ii-plus-h\\\/#breadcrumb\",\"itemListElement\":[{\"@type\":\"ListItem\",\"position\":1,\"name\":\"Strona g\u0142\u00f3wna\",\"item\":\"https:\\\/\\\/www.szkolenieparalotniowe.pl\\\/\"},{\"@type\":\"ListItem\",\"position\":2,\"name\":\"Etap I, II plus H\"}]},{\"@type\":\"WebSite\",\"@id\":\"https:\\\/\\\/www.szkolenieparalotniowe.pl\\\/#website\",\"url\":\"https:\\\/\\\/www.szkolenieparalotniowe.pl\\\/\",\"name\":\"Kursy Szkolenia Paralotniowe Lotyparalotnia.pl\",\"description\":\"\",\"publisher\":{\"@id\":\"https:\\\/\\\/www.szkolenieparalotniowe.pl\\\/#organization\"},\"potentialAction\":[{\"@type\":\"SearchAction\",\"target\":{\"@type\":\"EntryPoint\",\"urlTemplate\":\"https:\\\/\\\/www.szkolenieparalotniowe.pl\\\/?s={search_term_string}\"},\"query-input\":{\"@type\":\"PropertyValueSpecification\",\"valueRequired\":true,\"valueName\":\"search_term_string\"}}],\"inLanguage\":\"pl-PL\"},{\"@type\":\"Organization\",\"@id\":\"https:\\\/\\\/www.szkolenieparalotniowe.pl\\\/#organization\",\"name\":\"Lotyparalotnia.pl\",\"url\":\"https:\\\/\\\/www.szkolenieparalotniowe.pl\\\/\",\"logo\":{\"@type\":\"ImageObject\",\"inLanguage\":\"pl-PL\",\"@id\":\"https:\\\/\\\/www.szkolenieparalotniowe.pl\\\/#\\\/schema\\\/logo\\\/image\\\/\",\"url\":\"https:\\\/\\\/www.szkolenieparalotniowe.pl\\\/wp-content\\\/uploads\\\/2025\\\/12\\\/cropped-favicon.png\",\"contentUrl\":\"https:\\\/\\\/www.szkolenieparalotniowe.pl\\\/wp-content\\\/uploads\\\/2025\\\/12\\\/cropped-favicon.png\",\"width\":512,\"height\":512,\"caption\":\"Lotyparalotnia.pl\"},\"image\":{\"@id\":\"https:\\\/\\\/www.szkolenieparalotniowe.pl\\\/#\\\/schema\\\/logo\\\/image\\\/\"}}]}<\/script>\n<!-- \/ Yoast SEO plugin. -->","yoast_head_json":{"title":"Etap I, II plus H - Kursy Szkolenia Paralotniowe Lotyparalotnia.pl","description":"Wp\u0142ata za szkolenie ca\u0142o\u015bciowe do uzyskania licencji pilota \u015aK. I i II etap plus szkolenie H (holowanie). Zapraszamy!","robots":{"index":"index","follow":"follow","max-snippet":"max-snippet:-1","max-image-preview":"max-image-preview:large","max-video-preview":"max-video-preview:-1"},"canonical":"https:\/\/www.szkolenieparalotniowe.pl\/index.php\/etap-i-ii-plus-h\/","og_locale":"pl_PL","og_type":"article","og_title":"Etap I, II plus H - Kursy Szkolenia Paralotniowe Lotyparalotnia.pl","og_description":"Wp\u0142ata za szkolenie ca\u0142o\u015bciowe do uzyskania licencji pilota \u015aK. I i II etap plus szkolenie H (holowanie). Zapraszamy!","og_url":"https:\/\/www.szkolenieparalotniowe.pl\/index.php\/etap-i-ii-plus-h\/","og_site_name":"Kursy Szkolenia Paralotniowe Lotyparalotnia.pl","article_modified_time":"2026-01-08T17:27:18+00:00","og_image":[{"url":"http:\/\/www.szkolenieparalotniowe.pl\/wp-content\/uploads\/2025\/11\/Przelewy24_logo_small.png","type":"","width":"","height":""}],"twitter_card":"summary_large_image","twitter_misc":{"Szacowany czas czytania":"1 minuta"},"schema":{"@context":"https:\/\/schema.org","@graph":[{"@type":"WebPage","@id":"https:\/\/www.szkolenieparalotniowe.pl\/index.php\/etap-i-ii-plus-h\/","url":"https:\/\/www.szkolenieparalotniowe.pl\/index.php\/etap-i-ii-plus-h\/","name":"Etap I, II plus H - Kursy Szkolenia Paralotniowe Lotyparalotnia.pl","isPartOf":{"@id":"https:\/\/www.szkolenieparalotniowe.pl\/#website"},"primaryImageOfPage":{"@id":"https:\/\/www.szkolenieparalotniowe.pl\/index.php\/etap-i-ii-plus-h\/#primaryimage"},"image":{"@id":"https:\/\/www.szkolenieparalotniowe.pl\/index.php\/etap-i-ii-plus-h\/#primaryimage"},"thumbnailUrl":"http:\/\/www.szkolenieparalotniowe.pl\/wp-content\/uploads\/2025\/11\/Przelewy24_logo_small.png","datePublished":"2025-09-08T17:02:46+00:00","dateModified":"2026-01-08T17:27:18+00:00","description":"Wp\u0142ata za szkolenie ca\u0142o\u015bciowe do uzyskania licencji pilota \u015aK. I i II etap plus szkolenie H (holowanie). Zapraszamy!","breadcrumb":{"@id":"https:\/\/www.szkolenieparalotniowe.pl\/index.php\/etap-i-ii-plus-h\/#breadcrumb"},"inLanguage":"pl-PL","potentialAction":[{"@type":"ReadAction","target":["https:\/\/www.szkolenieparalotniowe.pl\/index.php\/etap-i-ii-plus-h\/"]}]},{"@type":"ImageObject","inLanguage":"pl-PL","@id":"https:\/\/www.szkolenieparalotniowe.pl\/index.php\/etap-i-ii-plus-h\/#primaryimage","url":"http:\/\/www.szkolenieparalotniowe.pl\/wp-content\/uploads\/2025\/11\/Przelewy24_logo_small.png","contentUrl":"http:\/\/www.szkolenieparalotniowe.pl\/wp-content\/uploads\/2025\/11\/Przelewy24_logo_small.png"},{"@type":"BreadcrumbList","@id":"https:\/\/www.szkolenieparalotniowe.pl\/index.php\/etap-i-ii-plus-h\/#breadcrumb","itemListElement":[{"@type":"ListItem","position":1,"name":"Strona g\u0142\u00f3wna","item":"https:\/\/www.szkolenieparalotniowe.pl\/"},{"@type":"ListItem","position":2,"name":"Etap I, II plus H"}]},{"@type":"WebSite","@id":"https:\/\/www.szkolenieparalotniowe.pl\/#website","url":"https:\/\/www.szkolenieparalotniowe.pl\/","name":"Kursy Szkolenia Paralotniowe Lotyparalotnia.pl","description":"","publisher":{"@id":"https:\/\/www.szkolenieparalotniowe.pl\/#organization"},"potentialAction":[{"@type":"SearchAction","target":{"@type":"EntryPoint","urlTemplate":"https:\/\/www.szkolenieparalotniowe.pl\/?s={search_term_string}"},"query-input":{"@type":"PropertyValueSpecification","valueRequired":true,"valueName":"search_term_string"}}],"inLanguage":"pl-PL"},{"@type":"Organization","@id":"https:\/\/www.szkolenieparalotniowe.pl\/#organization","name":"Lotyparalotnia.pl","url":"https:\/\/www.szkolenieparalotniowe.pl\/","logo":{"@type":"ImageObject","inLanguage":"pl-PL","@id":"https:\/\/www.szkolenieparalotniowe.pl\/#\/schema\/logo\/image\/","url":"https:\/\/www.szkolenieparalotniowe.pl\/wp-content\/uploads\/2025\/12\/cropped-favicon.png","contentUrl":"https:\/\/www.szkolenieparalotniowe.pl\/wp-content\/uploads\/2025\/12\/cropped-favicon.png","width":512,"height":512,"caption":"Lotyparalotnia.pl"},"image":{"@id":"https:\/\/www.szkolenieparalotniowe.pl\/#\/schema\/logo\/image\/"}}]}},"_links":{"self":[{"href":"https:\/\/www.szkolenieparalotniowe.pl\/index.php\/wp-json\/wp\/v2\/pages\/8966","targetHints":{"allow":["GET"]}}],"collection":[{"href":"https:\/\/www.szkolenieparalotniowe.pl\/index.php\/wp-json\/wp\/v2\/pages"}],"about":[{"href":"https:\/\/www.szkolenieparalotniowe.pl\/index.php\/wp-json\/wp\/v2\/types\/page"}],"author":[{"embeddable":true,"href":"https:\/\/www.szkolenieparalotniowe.pl\/index.php\/wp-json\/wp\/v2\/users\/1"}],"replies":[{"embeddable":true,"href":"https:\/\/www.szkolenieparalotniowe.pl\/index.php\/wp-json\/wp\/v2\/comments?post=8966"}],"version-history":[{"count":4,"href":"https:\/\/www.szkolenieparalotniowe.pl\/index.php\/wp-json\/wp\/v2\/pages\/8966\/revisions"}],"predecessor-version":[{"id":8972,"href":"https:\/\/www.szkolenieparalotniowe.pl\/index.php\/wp-json\/wp\/v2\/pages\/8966\/revisions\/8972"}],"wp:attachment":[{"href":"https:\/\/www.szkolenieparalotniowe.pl\/index.php\/wp-json\/wp\/v2\/media?parent=8966"}],"curies":[{"name":"wp","href":"https:\/\/api.w.org\/{rel}","templated":true}]}}