{"id":1235,"date":"2023-05-18T16:53:49","date_gmt":"2023-05-18T16:53:49","guid":{"rendered":"https:\/\/trekon.qodeinteractive.com\/?page_id=1235"},"modified":"2026-02-10T18:11:31","modified_gmt":"2026-02-10T18:11:31","slug":"pytania-i-odpowiedzi","status":"publish","type":"page","link":"https:\/\/www.szkolenieparalotniowe.pl\/index.php\/portfolio\/pytania-i-odpowiedzi\/","title":{"rendered":"Pytania i odpowiedzi"},"content":{"rendered":"\t\t<div data-elementor-type=\"wp-page\" data-elementor-id=\"1235\" class=\"elementor elementor-1235\">\n\t\t\t\t\t\t<section class=\"elementor-section elementor-top-section elementor-element elementor-element-b7349ff elementor-section-full_width elementor-section-height-default elementor-section-height-default\" data-id=\"b7349ff\" data-element_type=\"section\" data-e-type=\"section\">\n\t\t\t\t\t\t<div class=\"elementor-container elementor-column-gap-no\">\n\t\t\t\t\t<div class=\"elementor-column elementor-col-100 elementor-top-column elementor-element elementor-element-695cf39\" data-id=\"695cf39\" data-element_type=\"column\" data-e-type=\"column\">\n\t\t\t<div class=\"elementor-widget-wrap elementor-element-populated\">\n\t\t\t\t\t\t<div class=\"elementor-element elementor-element-b34d0aa elementor-widget elementor-widget-image\" data-id=\"b34d0aa\" data-element_type=\"widget\" data-e-type=\"widget\" data-widget_type=\"image.default\">\n\t\t\t\t\t\t\t\t\t\t\t\t\t\t\t<img fetchpriority=\"high\" decoding=\"async\" width=\"1024\" height=\"683\" src=\"https:\/\/www.szkolenieparalotniowe.pl\/wp-content\/uploads\/2026\/01\/DSC03793-1024x683.jpg\" class=\"attachment-large size-large wp-image-9920\" alt=\"\" srcset=\"https:\/\/www.szkolenieparalotniowe.pl\/wp-content\/uploads\/2026\/01\/DSC03793-1024x683.jpg 1024w, https:\/\/www.szkolenieparalotniowe.pl\/wp-content\/uploads\/2026\/01\/DSC03793-300x200.jpg 300w, https:\/\/www.szkolenieparalotniowe.pl\/wp-content\/uploads\/2026\/01\/DSC03793-768x512.jpg 768w, https:\/\/www.szkolenieparalotniowe.pl\/wp-content\/uploads\/2026\/01\/DSC03793-1536x1024.jpg 1536w, https:\/\/www.szkolenieparalotniowe.pl\/wp-content\/uploads\/2026\/01\/DSC03793-2048x1365.jpg 2048w\" sizes=\"(max-width: 1024px) 100vw, 1024px\" \/>\t\t\t\t\t\t\t\t\t\t\t\t\t\t\t<\/div>\n\t\t\t\t<div class=\"elementor-element elementor-element-b98600e elementor-widget elementor-widget-trekon_core_portfolio_list\" data-id=\"b98600e\" data-element_type=\"widget\" data-e-type=\"widget\" data-widget_type=\"trekon_core_portfolio_list.default\">\n\t\t\t\t<div class=\"elementor-widget-container\">\n\t\t\t\t\t<div class=\"qodef-shortcode qodef-m qodef-portfolio-list qodef-item-layout--info-below qodef-grid qodef-layout--columns qodef-vertical-gutter--large qodef-col-num--3 qodef-item-layout--info-below qodef-pagination--on qodef-pagination-type--load-more qodef-responsive--predefined qodef-swiper--show-pagination qodef-hover-animation--overlay\"  data-options=\"{&quot;plugin&quot;:&quot;trekon_core&quot;,&quot;module&quot;:&quot;post-types\\\/portfolio\\\/shortcodes&quot;,&quot;shortcode&quot;:&quot;portfolio-list&quot;,&quot;post_type&quot;:&quot;portfolio-item&quot;,&quot;next_page&quot;:&quot;2&quot;,&quot;max_pages_num&quot;:3,&quot;behavior&quot;:&quot;columns&quot;,&quot;images_proportion&quot;:&quot;full&quot;,&quot;columns&quot;:&quot;3&quot;,&quot;columns_responsive&quot;:&quot;predefined&quot;,&quot;columns_1440&quot;:&quot;3&quot;,&quot;columns_1366&quot;:&quot;3&quot;,&quot;columns_1024&quot;:&quot;3&quot;,&quot;columns_768&quot;:&quot;3&quot;,&quot;columns_680&quot;:&quot;3&quot;,&quot;columns_480&quot;:&quot;3&quot;,&quot;vertical_space&quot;:&quot;large&quot;,&quot;split_number&quot;:&quot;2.5&quot;,&quot;posts_per_page&quot;:&quot;9&quot;,&quot;orderby&quot;:&quot;ID&quot;,&quot;order&quot;:&quot;ASC&quot;,&quot;layout&quot;:&quot;info-below&quot;,&quot;hover_animation_info-below&quot;:&quot;overlay&quot;,&quot;hover_animation_info-follow&quot;:&quot;follow&quot;,&quot;hover_animation_info-on-hover&quot;:&quot;fade-in&quot;,&quot;title_tag&quot;:&quot;h4&quot;,&quot;custom_margin&quot;:&quot;no&quot;,&quot;pagination_type&quot;:&quot;load-more&quot;,&quot;pagination_top_margin&quot;:&quot;margin-top: 52px&quot;,&quot;object_class_name&quot;:&quot;TrekOnCore_Portfolio_List_Shortcode&quot;,&quot;taxonomy_filter&quot;:&quot;portfolio-category&quot;,&quot;additional_query_args&quot;:[],&quot;holder_styles&quot;:[]}\">\n\t\t<div class=\"qodef-grid-inner\">\n\t\t<article class=\"qodef-e qodef-grid-item qodef-item--full post-9666 portfolio-item type-portfolio-item status-publish hentry portfolio-tag-qa\">\n\t<div class=\"qodef-e-inner\" >\n\t\t<div class=\"qodef-e-media\">\n\t\t\t\t\t<\/div>\n\t\t<div class=\"qodef-e-content\" >\n\t\t\t<div class=\"qodef-e-top-holder\">\n\t\t\t\t<div class=\"qodef-e-info\">\n\t\t\t\t\t\t\t\t\t<\/div>\n\t\t\t<\/div>\n\t\t\t<div class=\"qodef-e-text\">\n\t\t\t\t<h4 itemprop=\"name\" class=\"qodef-e-title entry-title\" >\n\t<a itemprop=\"url\" class=\"qodef-e-title-link\" href=\"https:\/\/www.szkolenieparalotniowe.pl\/index.php\/portfolio-item\/czy-latanie-jest-bezpieczne\/\" target=\"_self\">\n\t\tCzy latanie jest bezpieczne?\t<\/a>\n<\/h4>\n\t\t\t<\/div>\n\t\t<\/div>\n\t<\/div>\n<\/article>\n<article class=\"qodef-e qodef-grid-item qodef-item--full post-9667 portfolio-item type-portfolio-item status-publish hentry portfolio-tag-qa\">\n\t<div class=\"qodef-e-inner\" >\n\t\t<div class=\"qodef-e-media\">\n\t\t\t\t\t<\/div>\n\t\t<div class=\"qodef-e-content\" >\n\t\t\t<div class=\"qodef-e-top-holder\">\n\t\t\t\t<div class=\"qodef-e-info\">\n\t\t\t\t\t\t\t\t\t<\/div>\n\t\t\t<\/div>\n\t\t\t<div class=\"qodef-e-text\">\n\t\t\t\t<h4 itemprop=\"name\" class=\"qodef-e-title entry-title\" >\n\t<a itemprop=\"url\" class=\"qodef-e-title-link\" href=\"https:\/\/www.szkolenieparalotniowe.pl\/index.php\/portfolio-item\/ile-trwa-kurs\/\" target=\"_self\">\n\t\tIle trwa kurs?\t<\/a>\n<\/h4>\n\t\t\t<\/div>\n\t\t<\/div>\n\t<\/div>\n<\/article>\n<article class=\"qodef-e qodef-grid-item qodef-item--full post-9669 portfolio-item type-portfolio-item status-publish hentry portfolio-tag-qa\">\n\t<div class=\"qodef-e-inner\" >\n\t\t<div class=\"qodef-e-media\">\n\t\t\t\t\t<\/div>\n\t\t<div class=\"qodef-e-content\" >\n\t\t\t<div class=\"qodef-e-top-holder\">\n\t\t\t\t<div class=\"qodef-e-info\">\n\t\t\t\t\t\t\t\t\t<\/div>\n\t\t\t<\/div>\n\t\t\t<div class=\"qodef-e-text\">\n\t\t\t\t<h4 itemprop=\"name\" class=\"qodef-e-title entry-title\" >\n\t<a itemprop=\"url\" class=\"qodef-e-title-link\" href=\"https:\/\/www.szkolenieparalotniowe.pl\/index.php\/portfolio-item\/gdzie-odbywaja-sie-szkolenia\/\" target=\"_self\">\n\t\tGdzie odbywaj\u0105 si\u0119 szkolenia?\t<\/a>\n<\/h4>\n\t\t\t<\/div>\n\t\t<\/div>\n\t<\/div>\n<\/article>\n<article class=\"qodef-e qodef-grid-item qodef-item--full post-9670 portfolio-item type-portfolio-item status-publish hentry portfolio-tag-qa\">\n\t<div class=\"qodef-e-inner\" >\n\t\t<div class=\"qodef-e-media\">\n\t\t\t\t\t<\/div>\n\t\t<div class=\"qodef-e-content\" >\n\t\t\t<div class=\"qodef-e-top-holder\">\n\t\t\t\t<div class=\"qodef-e-info\">\n\t\t\t\t\t\t\t\t\t<\/div>\n\t\t\t<\/div>\n\t\t\t<div class=\"qodef-e-text\">\n\t\t\t\t<h4 itemprop=\"name\" class=\"qodef-e-title entry-title\" >\n\t<a itemprop=\"url\" class=\"qodef-e-title-link\" href=\"https:\/\/www.szkolenieparalotniowe.pl\/index.php\/portfolio-item\/czy-kursanci-sa-ubezpieczeni\/\" target=\"_self\">\n\t\tCzy kursanci s\u0105 ubezpieczeni?\t<\/a>\n<\/h4>\n\t\t\t<\/div>\n\t\t<\/div>\n\t<\/div>\n<\/article>\n<article class=\"qodef-e qodef-grid-item qodef-item--full post-9671 portfolio-item type-portfolio-item status-publish hentry portfolio-tag-qa\">\n\t<div class=\"qodef-e-inner\" >\n\t\t<div class=\"qodef-e-media\">\n\t\t\t\t\t<\/div>\n\t\t<div class=\"qodef-e-content\" >\n\t\t\t<div class=\"qodef-e-top-holder\">\n\t\t\t\t<div class=\"qodef-e-info\">\n\t\t\t\t\t\t\t\t\t<\/div>\n\t\t\t<\/div>\n\t\t\t<div class=\"qodef-e-text\">\n\t\t\t\t<h4 itemprop=\"name\" class=\"qodef-e-title entry-title\" >\n\t<a itemprop=\"url\" class=\"qodef-e-title-link\" href=\"https:\/\/www.szkolenieparalotniowe.pl\/index.php\/portfolio-item\/czy-potrzebna-jest-dobra-kondycja-fizyczna\/\" target=\"_self\">\n\t\tCzy potrzebna jest dobra kondycja fizyczna?\t<\/a>\n<\/h4>\n\t\t\t<\/div>\n\t\t<\/div>\n\t<\/div>\n<\/article>\n<article class=\"qodef-e qodef-grid-item qodef-item--full post-9672 portfolio-item type-portfolio-item status-publish hentry portfolio-tag-qa\">\n\t<div class=\"qodef-e-inner\" >\n\t\t<div class=\"qodef-e-media\">\n\t\t\t\t\t<\/div>\n\t\t<div class=\"qodef-e-content\" >\n\t\t\t<div class=\"qodef-e-top-holder\">\n\t\t\t\t<div class=\"qodef-e-info\">\n\t\t\t\t\t\t\t\t\t<\/div>\n\t\t\t<\/div>\n\t\t\t<div class=\"qodef-e-text\">\n\t\t\t\t<h4 itemprop=\"name\" class=\"qodef-e-title entry-title\" >\n\t<a itemprop=\"url\" class=\"qodef-e-title-link\" href=\"https:\/\/www.szkolenieparalotniowe.pl\/index.php\/portfolio-item\/ile-osob-jest-w-grupie-szkoleniowej\/\" target=\"_self\">\n\t\tIle os\u00f3b jest w grupie szkoleniowej?\t<\/a>\n<\/h4>\n\t\t\t<\/div>\n\t\t<\/div>\n\t<\/div>\n<\/article>\n<article class=\"qodef-e qodef-grid-item qodef-item--full post-9674 portfolio-item type-portfolio-item status-publish hentry portfolio-tag-qa\">\n\t<div class=\"qodef-e-inner\" >\n\t\t<div class=\"qodef-e-media\">\n\t\t\t\t\t<\/div>\n\t\t<div class=\"qodef-e-content\" >\n\t\t\t<div class=\"qodef-e-top-holder\">\n\t\t\t\t<div class=\"qodef-e-info\">\n\t\t\t\t\t\t\t\t\t<\/div>\n\t\t\t<\/div>\n\t\t\t<div class=\"qodef-e-text\">\n\t\t\t\t<h4 itemprop=\"name\" class=\"qodef-e-title entry-title\" >\n\t<a itemprop=\"url\" class=\"qodef-e-title-link\" href=\"https:\/\/www.szkolenieparalotniowe.pl\/index.php\/portfolio-item\/czy-po-kursie-moge-latac-samodzielnie\/\" target=\"_self\">\n\t\tCzy po kursie mog\u0119 lata\u0107 samodzielnie?\t<\/a>\n<\/h4>\n\t\t\t<\/div>\n\t\t<\/div>\n\t<\/div>\n<\/article>\n<article class=\"qodef-e qodef-grid-item qodef-item--full post-9676 portfolio-item type-portfolio-item status-publish hentry portfolio-tag-qa\">\n\t<div class=\"qodef-e-inner\" >\n\t\t<div class=\"qodef-e-media\">\n\t\t\t\t\t<\/div>\n\t\t<div class=\"qodef-e-content\" >\n\t\t\t<div class=\"qodef-e-top-holder\">\n\t\t\t\t<div class=\"qodef-e-info\">\n\t\t\t\t\t\t\t\t\t<\/div>\n\t\t\t<\/div>\n\t\t\t<div class=\"qodef-e-text\">\n\t\t\t\t<h4 itemprop=\"name\" class=\"qodef-e-title entry-title\" >\n\t<a itemprop=\"url\" class=\"qodef-e-title-link\" href=\"https:\/\/www.szkolenieparalotniowe.pl\/index.php\/portfolio-item\/czy-pomagacie-w-zakupie-sprzetu-po-kursie\/\" target=\"_self\">\n\t\tCzy pomagacie w zakupie sprz\u0119tu po kursie?\t<\/a>\n<\/h4>\n\t\t\t<\/div>\n\t\t<\/div>\n\t<\/div>\n<\/article>\n<article class=\"qodef-e qodef-grid-item qodef-item--full post-9678 portfolio-item type-portfolio-item status-publish hentry portfolio-tag-qa\">\n\t<div class=\"qodef-e-inner\" >\n\t\t<div class=\"qodef-e-media\">\n\t\t\t\t\t<\/div>\n\t\t<div class=\"qodef-e-content\" >\n\t\t\t<div class=\"qodef-e-top-holder\">\n\t\t\t\t<div class=\"qodef-e-info\">\n\t\t\t\t\t\t\t\t\t<\/div>\n\t\t\t<\/div>\n\t\t\t<div class=\"qodef-e-text\">\n\t\t\t\t<h4 itemprop=\"name\" class=\"qodef-e-title entry-title\" >\n\t<a itemprop=\"url\" class=\"qodef-e-title-link\" href=\"https:\/\/www.szkolenieparalotniowe.pl\/index.php\/portfolio-item\/czy-moge-zapisac-sie-na-kurs-jesli-mam-lek-wysokosci\/\" target=\"_self\">\n\t\tCzy mog\u0119 zapisa\u0107 si\u0119 na kurs, je\u015bli mam l\u0119k wysoko\u015bci?\t<\/a>\n<\/h4>\n\t\t\t<\/div>\n\t\t<\/div>\n\t<\/div>\n<\/article>\n\t<\/div>\n\t\t<div class=\"qodef-m-pagination qodef--load-more\" style=\"margin-top: 52px\">\n\t\t<div class=\"qodef-m-pagination-inner\">\n\t\t\t<a class=\"qodef-shortcode qodef-m qodef-load-more-button qodef-button qodef-layout--filled qodef-html--link\" href=\"#\" target=\"_self\"  >\t<span class=\"qodef-m-text\">Load More<\/span><\/a>\t\t<\/div>\n\t<\/div>\n\t<svg class=\"qodef-svg--spinner qodef-m-pagination-spinner\" xmlns=\"http:\/\/www.w3.org\/2000\/svg\" width=\"512\" height=\"512\" viewBox=\"0 0 512 512\"><path d=\"M304 48c0 26.51-21.49 48-48 48s-48-21.49-48-48 21.49-48 48-48 48 21.49 48 48zm-48 368c-26.51 0-48 21.49-48 48s21.49 48 48 48 48-21.49 48-48-21.49-48-48-48zm208-208c-26.51 0-48 21.49-48 48s21.49 48 48 48 48-21.49 48-48-21.49-48-48-48zM96 256c0-26.51-21.49-48-48-48S0 229.49 0 256s21.49 48 48 48 48-21.49 48-48zm12.922 99.078c-26.51 0-48 21.49-48 48s21.49 48 48 48 48-21.49 48-48c0-26.509-21.491-48-48-48zm294.156 0c-26.51 0-48 21.49-48 48s21.49 48 48 48 48-21.49 48-48c0-26.509-21.49-48-48-48zM108.922 60.922c-26.51 0-48 21.49-48 48s21.49 48 48 48 48-21.49 48-48-21.491-48-48-48z\"><\/path><\/svg><\/div>\n\t\t\t\t<\/div>\n\t\t\t\t<\/div>\n\t\t\t\t\t<\/div>\n\t\t<\/div>\n\t\t\t\t\t<\/div>\n\t\t<\/section>\n\t\t\t\t<\/div>\n\t\t","protected":false},"excerpt":{"rendered":"<p>Co w przypadku z\u0142ej pogody? Jak wygl\u0105da egzamin? Jak wygl\u0105da cz\u0119\u015b\u0107 teoretyczna? Jak wygl\u0105da szkolenie praktyczne? Ile kosztuje egzamin? Ile kosztuje w\u0142asny sprz\u0119t? Czy wymagane s\u0105 badania lekarskie? Jak przygotowa\u0107 si\u0119 do szkolenia? Czy trzeba mie\u0107 w\u0142asny sprz\u0119t na kurs? Load More<\/p>\n","protected":false},"author":1,"featured_media":9920,"parent":1260,"menu_order":0,"comment_status":"closed","ping_status":"closed","template":"","meta":{"footnotes":""},"class_list":["post-1235","page","type-page","status-publish","has-post-thumbnail","hentry"],"yoast_head":"<!-- This site is optimized with the Yoast SEO plugin v27.5 - https:\/\/yoast.com\/product\/yoast-seo-wordpress\/ -->\n<title>Pytania i odpowiedzi - Kursy Szkolenia Paralotniowe Lotyparalotnia.pl<\/title>\n<meta name=\"description\" content=\"Najcz\u0119\u015bciej zadawane pytania i odpowiedzi na nie. Nie wiesz, jak si\u0119 przygotowa\u0107, czy latanie jest bezpieczne, tutaj znajdziesz opowiedzi.\" \/>\n<meta name=\"robots\" content=\"index, follow, max-snippet:-1, max-image-preview:large, max-video-preview:-1\" \/>\n<link rel=\"canonical\" href=\"https:\/\/www.szkolenieparalotniowe.pl\/index.php\/portfolio\/pytania-i-odpowiedzi\/\" \/>\n<meta property=\"og:locale\" content=\"pl_PL\" \/>\n<meta property=\"og:type\" content=\"article\" \/>\n<meta property=\"og:title\" content=\"Pytania i odpowiedzi - Kursy Szkolenia Paralotniowe Lotyparalotnia.pl\" \/>\n<meta property=\"og:description\" content=\"Najcz\u0119\u015bciej zadawane pytania i odpowiedzi na nie. Nie wiesz, jak si\u0119 przygotowa\u0107, czy latanie jest bezpieczne, tutaj znajdziesz opowiedzi.\" \/>\n<meta property=\"og:url\" content=\"https:\/\/www.szkolenieparalotniowe.pl\/index.php\/portfolio\/pytania-i-odpowiedzi\/\" \/>\n<meta property=\"og:site_name\" content=\"Kursy Szkolenia Paralotniowe Lotyparalotnia.pl\" \/>\n<meta property=\"article:modified_time\" content=\"2026-02-10T18:11:31+00:00\" \/>\n<meta property=\"og:image\" content=\"https:\/\/www.szkolenieparalotniowe.pl\/wp-content\/uploads\/2026\/01\/DSC03793-scaled.jpg\" \/>\n\t<meta property=\"og:image:width\" content=\"2560\" \/>\n\t<meta property=\"og:image:height\" content=\"1707\" \/>\n\t<meta property=\"og:image:type\" content=\"image\/jpeg\" \/>\n<meta name=\"twitter:card\" content=\"summary_large_image\" \/>\n<meta name=\"twitter:label1\" content=\"Szacowany czas czytania\" \/>\n\t<meta name=\"twitter:data1\" content=\"1 minuta\" \/>\n<script type=\"application\/ld+json\" class=\"yoast-schema-graph\">{\"@context\":\"https:\\\/\\\/schema.org\",\"@graph\":[{\"@type\":\"WebPage\",\"@id\":\"https:\\\/\\\/www.szkolenieparalotniowe.pl\\\/index.php\\\/portfolio\\\/pytania-i-odpowiedzi\\\/\",\"url\":\"https:\\\/\\\/www.szkolenieparalotniowe.pl\\\/index.php\\\/portfolio\\\/pytania-i-odpowiedzi\\\/\",\"name\":\"Pytania i odpowiedzi - Kursy Szkolenia Paralotniowe Lotyparalotnia.pl\",\"isPartOf\":{\"@id\":\"https:\\\/\\\/www.szkolenieparalotniowe.pl\\\/#website\"},\"primaryImageOfPage\":{\"@id\":\"https:\\\/\\\/www.szkolenieparalotniowe.pl\\\/index.php\\\/portfolio\\\/pytania-i-odpowiedzi\\\/#primaryimage\"},\"image\":{\"@id\":\"https:\\\/\\\/www.szkolenieparalotniowe.pl\\\/index.php\\\/portfolio\\\/pytania-i-odpowiedzi\\\/#primaryimage\"},\"thumbnailUrl\":\"https:\\\/\\\/www.szkolenieparalotniowe.pl\\\/wp-content\\\/uploads\\\/2026\\\/01\\\/DSC03793-scaled.jpg\",\"datePublished\":\"2023-05-18T16:53:49+00:00\",\"dateModified\":\"2026-02-10T18:11:31+00:00\",\"description\":\"Najcz\u0119\u015bciej zadawane pytania i odpowiedzi na nie. Nie wiesz, jak si\u0119 przygotowa\u0107, czy latanie jest bezpieczne, tutaj znajdziesz opowiedzi.\",\"breadcrumb\":{\"@id\":\"https:\\\/\\\/www.szkolenieparalotniowe.pl\\\/index.php\\\/portfolio\\\/pytania-i-odpowiedzi\\\/#breadcrumb\"},\"inLanguage\":\"pl-PL\",\"potentialAction\":[{\"@type\":\"ReadAction\",\"target\":[\"https:\\\/\\\/www.szkolenieparalotniowe.pl\\\/index.php\\\/portfolio\\\/pytania-i-odpowiedzi\\\/\"]}]},{\"@type\":\"ImageObject\",\"inLanguage\":\"pl-PL\",\"@id\":\"https:\\\/\\\/www.szkolenieparalotniowe.pl\\\/index.php\\\/portfolio\\\/pytania-i-odpowiedzi\\\/#primaryimage\",\"url\":\"https:\\\/\\\/www.szkolenieparalotniowe.pl\\\/wp-content\\\/uploads\\\/2026\\\/01\\\/DSC03793-scaled.jpg\",\"contentUrl\":\"https:\\\/\\\/www.szkolenieparalotniowe.pl\\\/wp-content\\\/uploads\\\/2026\\\/01\\\/DSC03793-scaled.jpg\",\"width\":2560,\"height\":1707},{\"@type\":\"BreadcrumbList\",\"@id\":\"https:\\\/\\\/www.szkolenieparalotniowe.pl\\\/index.php\\\/portfolio\\\/pytania-i-odpowiedzi\\\/#breadcrumb\",\"itemListElement\":[{\"@type\":\"ListItem\",\"position\":1,\"name\":\"Strona g\u0142\u00f3wna\",\"item\":\"https:\\\/\\\/www.szkolenieparalotniowe.pl\\\/\"},{\"@type\":\"ListItem\",\"position\":2,\"name\":\"Portfolio\",\"item\":\"https:\\\/\\\/www.szkolenieparalotniowe.pl\\\/index.php\\\/portfolio\\\/\"},{\"@type\":\"ListItem\",\"position\":3,\"name\":\"Pytania i odpowiedzi\"}]},{\"@type\":\"WebSite\",\"@id\":\"https:\\\/\\\/www.szkolenieparalotniowe.pl\\\/#website\",\"url\":\"https:\\\/\\\/www.szkolenieparalotniowe.pl\\\/\",\"name\":\"Kursy Szkolenia Paralotniowe Lotyparalotnia.pl\",\"description\":\"\",\"publisher\":{\"@id\":\"https:\\\/\\\/www.szkolenieparalotniowe.pl\\\/#organization\"},\"potentialAction\":[{\"@type\":\"SearchAction\",\"target\":{\"@type\":\"EntryPoint\",\"urlTemplate\":\"https:\\\/\\\/www.szkolenieparalotniowe.pl\\\/?s={search_term_string}\"},\"query-input\":{\"@type\":\"PropertyValueSpecification\",\"valueRequired\":true,\"valueName\":\"search_term_string\"}}],\"inLanguage\":\"pl-PL\"},{\"@type\":\"Organization\",\"@id\":\"https:\\\/\\\/www.szkolenieparalotniowe.pl\\\/#organization\",\"name\":\"Lotyparalotnia.pl\",\"url\":\"https:\\\/\\\/www.szkolenieparalotniowe.pl\\\/\",\"logo\":{\"@type\":\"ImageObject\",\"inLanguage\":\"pl-PL\",\"@id\":\"https:\\\/\\\/www.szkolenieparalotniowe.pl\\\/#\\\/schema\\\/logo\\\/image\\\/\",\"url\":\"https:\\\/\\\/www.szkolenieparalotniowe.pl\\\/wp-content\\\/uploads\\\/2025\\\/12\\\/cropped-favicon.png\",\"contentUrl\":\"https:\\\/\\\/www.szkolenieparalotniowe.pl\\\/wp-content\\\/uploads\\\/2025\\\/12\\\/cropped-favicon.png\",\"width\":512,\"height\":512,\"caption\":\"Lotyparalotnia.pl\"},\"image\":{\"@id\":\"https:\\\/\\\/www.szkolenieparalotniowe.pl\\\/#\\\/schema\\\/logo\\\/image\\\/\"}}]}<\/script>\n<!-- \/ Yoast SEO plugin. -->","yoast_head_json":{"title":"Pytania i odpowiedzi - Kursy Szkolenia Paralotniowe Lotyparalotnia.pl","description":"Najcz\u0119\u015bciej zadawane pytania i odpowiedzi na nie. Nie wiesz, jak si\u0119 przygotowa\u0107, czy latanie jest bezpieczne, tutaj znajdziesz opowiedzi.","robots":{"index":"index","follow":"follow","max-snippet":"max-snippet:-1","max-image-preview":"max-image-preview:large","max-video-preview":"max-video-preview:-1"},"canonical":"https:\/\/www.szkolenieparalotniowe.pl\/index.php\/portfolio\/pytania-i-odpowiedzi\/","og_locale":"pl_PL","og_type":"article","og_title":"Pytania i odpowiedzi - Kursy Szkolenia Paralotniowe Lotyparalotnia.pl","og_description":"Najcz\u0119\u015bciej zadawane pytania i odpowiedzi na nie. Nie wiesz, jak si\u0119 przygotowa\u0107, czy latanie jest bezpieczne, tutaj znajdziesz opowiedzi.","og_url":"https:\/\/www.szkolenieparalotniowe.pl\/index.php\/portfolio\/pytania-i-odpowiedzi\/","og_site_name":"Kursy Szkolenia Paralotniowe Lotyparalotnia.pl","article_modified_time":"2026-02-10T18:11:31+00:00","og_image":[{"width":2560,"height":1707,"url":"https:\/\/www.szkolenieparalotniowe.pl\/wp-content\/uploads\/2026\/01\/DSC03793-scaled.jpg","type":"image\/jpeg"}],"twitter_card":"summary_large_image","twitter_misc":{"Szacowany czas czytania":"1 minuta"},"schema":{"@context":"https:\/\/schema.org","@graph":[{"@type":"WebPage","@id":"https:\/\/www.szkolenieparalotniowe.pl\/index.php\/portfolio\/pytania-i-odpowiedzi\/","url":"https:\/\/www.szkolenieparalotniowe.pl\/index.php\/portfolio\/pytania-i-odpowiedzi\/","name":"Pytania i odpowiedzi - Kursy Szkolenia Paralotniowe Lotyparalotnia.pl","isPartOf":{"@id":"https:\/\/www.szkolenieparalotniowe.pl\/#website"},"primaryImageOfPage":{"@id":"https:\/\/www.szkolenieparalotniowe.pl\/index.php\/portfolio\/pytania-i-odpowiedzi\/#primaryimage"},"image":{"@id":"https:\/\/www.szkolenieparalotniowe.pl\/index.php\/portfolio\/pytania-i-odpowiedzi\/#primaryimage"},"thumbnailUrl":"https:\/\/www.szkolenieparalotniowe.pl\/wp-content\/uploads\/2026\/01\/DSC03793-scaled.jpg","datePublished":"2023-05-18T16:53:49+00:00","dateModified":"2026-02-10T18:11:31+00:00","description":"Najcz\u0119\u015bciej zadawane pytania i odpowiedzi na nie. Nie wiesz, jak si\u0119 przygotowa\u0107, czy latanie jest bezpieczne, tutaj znajdziesz opowiedzi.","breadcrumb":{"@id":"https:\/\/www.szkolenieparalotniowe.pl\/index.php\/portfolio\/pytania-i-odpowiedzi\/#breadcrumb"},"inLanguage":"pl-PL","potentialAction":[{"@type":"ReadAction","target":["https:\/\/www.szkolenieparalotniowe.pl\/index.php\/portfolio\/pytania-i-odpowiedzi\/"]}]},{"@type":"ImageObject","inLanguage":"pl-PL","@id":"https:\/\/www.szkolenieparalotniowe.pl\/index.php\/portfolio\/pytania-i-odpowiedzi\/#primaryimage","url":"https:\/\/www.szkolenieparalotniowe.pl\/wp-content\/uploads\/2026\/01\/DSC03793-scaled.jpg","contentUrl":"https:\/\/www.szkolenieparalotniowe.pl\/wp-content\/uploads\/2026\/01\/DSC03793-scaled.jpg","width":2560,"height":1707},{"@type":"BreadcrumbList","@id":"https:\/\/www.szkolenieparalotniowe.pl\/index.php\/portfolio\/pytania-i-odpowiedzi\/#breadcrumb","itemListElement":[{"@type":"ListItem","position":1,"name":"Strona g\u0142\u00f3wna","item":"https:\/\/www.szkolenieparalotniowe.pl\/"},{"@type":"ListItem","position":2,"name":"Portfolio","item":"https:\/\/www.szkolenieparalotniowe.pl\/index.php\/portfolio\/"},{"@type":"ListItem","position":3,"name":"Pytania i odpowiedzi"}]},{"@type":"WebSite","@id":"https:\/\/www.szkolenieparalotniowe.pl\/#website","url":"https:\/\/www.szkolenieparalotniowe.pl\/","name":"Kursy Szkolenia Paralotniowe Lotyparalotnia.pl","description":"","publisher":{"@id":"https:\/\/www.szkolenieparalotniowe.pl\/#organization"},"potentialAction":[{"@type":"SearchAction","target":{"@type":"EntryPoint","urlTemplate":"https:\/\/www.szkolenieparalotniowe.pl\/?s={search_term_string}"},"query-input":{"@type":"PropertyValueSpecification","valueRequired":true,"valueName":"search_term_string"}}],"inLanguage":"pl-PL"},{"@type":"Organization","@id":"https:\/\/www.szkolenieparalotniowe.pl\/#organization","name":"Lotyparalotnia.pl","url":"https:\/\/www.szkolenieparalotniowe.pl\/","logo":{"@type":"ImageObject","inLanguage":"pl-PL","@id":"https:\/\/www.szkolenieparalotniowe.pl\/#\/schema\/logo\/image\/","url":"https:\/\/www.szkolenieparalotniowe.pl\/wp-content\/uploads\/2025\/12\/cropped-favicon.png","contentUrl":"https:\/\/www.szkolenieparalotniowe.pl\/wp-content\/uploads\/2025\/12\/cropped-favicon.png","width":512,"height":512,"caption":"Lotyparalotnia.pl"},"image":{"@id":"https:\/\/www.szkolenieparalotniowe.pl\/#\/schema\/logo\/image\/"}}]}},"_links":{"self":[{"href":"https:\/\/www.szkolenieparalotniowe.pl\/index.php\/wp-json\/wp\/v2\/pages\/1235","targetHints":{"allow":["GET"]}}],"collection":[{"href":"https:\/\/www.szkolenieparalotniowe.pl\/index.php\/wp-json\/wp\/v2\/pages"}],"about":[{"href":"https:\/\/www.szkolenieparalotniowe.pl\/index.php\/wp-json\/wp\/v2\/types\/page"}],"author":[{"embeddable":true,"href":"https:\/\/www.szkolenieparalotniowe.pl\/index.php\/wp-json\/wp\/v2\/users\/1"}],"replies":[{"embeddable":true,"href":"https:\/\/www.szkolenieparalotniowe.pl\/index.php\/wp-json\/wp\/v2\/comments?post=1235"}],"version-history":[{"count":13,"href":"https:\/\/www.szkolenieparalotniowe.pl\/index.php\/wp-json\/wp\/v2\/pages\/1235\/revisions"}],"predecessor-version":[{"id":10042,"href":"https:\/\/www.szkolenieparalotniowe.pl\/index.php\/wp-json\/wp\/v2\/pages\/1235\/revisions\/10042"}],"up":[{"embeddable":true,"href":"https:\/\/www.szkolenieparalotniowe.pl\/index.php\/wp-json\/wp\/v2\/pages\/1260"}],"wp:featuredmedia":[{"embeddable":true,"href":"https:\/\/www.szkolenieparalotniowe.pl\/index.php\/wp-json\/wp\/v2\/media\/9920"}],"wp:attachment":[{"href":"https:\/\/www.szkolenieparalotniowe.pl\/index.php\/wp-json\/wp\/v2\/media?parent=1235"}],"curies":[{"name":"wp","href":"https:\/\/api.w.org\/{rel}","templated":true}]}}