{"id":10043,"date":"2026-02-10T18:25:54","date_gmt":"2026-02-10T18:25:54","guid":{"rendered":"https:\/\/www.szkolenieparalotniowe.pl\/?page_id=10043"},"modified":"2026-02-12T12:20:17","modified_gmt":"2026-02-12T12:20:17","slug":"baza-wiedzy","status":"publish","type":"page","link":"https:\/\/www.szkolenieparalotniowe.pl\/index.php\/baza-wiedzy\/","title":{"rendered":"Baza Wiedzy"},"content":{"rendered":"\t\t<div data-elementor-type=\"wp-page\" data-elementor-id=\"10043\" class=\"elementor elementor-10043\">\n\t\t\t\t<div class=\"elementor-element elementor-element-3dfa522 e-flex e-con-boxed e-con e-parent\" data-id=\"3dfa522\" data-element_type=\"container\" data-e-type=\"container\">\n\t\t\t\t\t<div class=\"e-con-inner\">\n\t\t\t\t<div class=\"elementor-element elementor-element-3fb8ef6 elementor-widget elementor-widget-trekon_core_blog_list\" data-id=\"3fb8ef6\" data-element_type=\"widget\" data-e-type=\"widget\" data-widget_type=\"trekon_core_blog_list.default\">\n\t\t\t\t<div class=\"elementor-widget-container\">\n\t\t\t\t\t<div class=\"qodef-shortcode qodef-m qodef-blog qodef--list qodef-item-layout--standard qodef-grid qodef-layout--columns qodef-col-num--3 qodef-item-layout--standard qodef-pagination--off qodef-responsive--predefined qodef-swiper--show-pagination\"  data-options=\"{&quot;plugin&quot;:&quot;trekon_core&quot;,&quot;module&quot;:&quot;blog\\\/shortcodes&quot;,&quot;shortcode&quot;:&quot;blog-list&quot;,&quot;post_type&quot;:&quot;post&quot;,&quot;next_page&quot;:&quot;2&quot;,&quot;max_pages_num&quot;:1,&quot;behavior&quot;:&quot;columns&quot;,&quot;images_proportion&quot;:&quot;thumbnail&quot;,&quot;columns&quot;:&quot;3&quot;,&quot;columns_responsive&quot;:&quot;predefined&quot;,&quot;columns_1440&quot;:&quot;3&quot;,&quot;columns_1366&quot;:&quot;3&quot;,&quot;columns_1024&quot;:&quot;3&quot;,&quot;columns_768&quot;:&quot;3&quot;,&quot;columns_680&quot;:&quot;3&quot;,&quot;columns_480&quot;:&quot;3&quot;,&quot;split_number&quot;:&quot;2.5&quot;,&quot;posts_per_page&quot;:&quot;9&quot;,&quot;orderby&quot;:&quot;date&quot;,&quot;order&quot;:&quot;DESC&quot;,&quot;additional_params&quot;:&quot;tax&quot;,&quot;tax&quot;:&quot;category&quot;,&quot;tax_slug&quot;:&quot;Baza Wiedzy&quot;,&quot;layout&quot;:&quot;standard&quot;,&quot;title_tag&quot;:&quot;h4&quot;,&quot;pagination_type&quot;:&quot;no-pagination&quot;,&quot;object_class_name&quot;:&quot;TrekOnCore_Blog_List_Shortcode&quot;,&quot;taxonomy_filter&quot;:&quot;category&quot;,&quot;additional_query_args&quot;:{&quot;tax_query&quot;:[{&quot;taxonomy&quot;:&quot;category&quot;,&quot;field&quot;:&quot;slug&quot;,&quot;terms&quot;:&quot;Baza Wiedzy&quot;}]},&quot;holder_styles&quot;:[]}\">\n\t\t<div class=\"qodef-grid-inner\">\n\t\t<article class=\"qodef-e qodef-blog-item qodef-grid-item qodef-item--thumbnail post-10084 post type-post status-publish format-standard has-post-thumbnail hentry category-baza-wiedzy\">\n\t<div class=\"qodef-e-inner\">\n\t\t<div class=\"qodef-e-media\">\n\t\t<div class=\"qodef-e-media-image\">\n\t\t<a itemprop=\"url\" href=\"https:\/\/www.szkolenieparalotniowe.pl\/index.php\/2026\/04\/10\/przygotowanie-do-latania\/\">\n\t\t\t<img decoding=\"async\" width=\"150\" height=\"150\" src=\"https:\/\/www.szkolenieparalotniowe.pl\/wp-content\/uploads\/2026\/02\/IMG_0505-scaled-e1774470595432-150x150.jpeg\" class=\"attachment-thumbnail size-thumbnail wp-post-image\" alt=\"\" srcset=\"https:\/\/www.szkolenieparalotniowe.pl\/wp-content\/uploads\/2026\/02\/IMG_0505-scaled-e1774470595432-150x150.jpeg 150w, https:\/\/www.szkolenieparalotniowe.pl\/wp-content\/uploads\/2026\/02\/IMG_0505-scaled-e1774470595432-650x650.jpeg 650w\" sizes=\"(max-width: 150px) 100vw, 150px\" \/>\t\t<\/a>\n\t<\/div>\n<\/div>\n\t\t<div class=\"qodef-e-content\">\n\t\t\t<div class=\"qodef-e-top-holder\">\n\t\t\t\t<div class=\"qodef-e-info\">\n\t\t\t\t\t<a href=\"https:\/\/www.szkolenieparalotniowe.pl\/index.php\/category\/baza-wiedzy\/\" rel=\"tag\">Baza Wiedzy<\/a><div class=\"qodef-info-separator-end\"><\/div><a itemprop=\"dateCreated\" href=\"https:\/\/www.szkolenieparalotniowe.pl\/index.php\/2026\/04\/\" class=\"entry-date \">\n\t10 kwietnia, 2026<\/a><div class=\"qodef-info-separator-end\"><\/div>\n\t\t\t\t<\/div>\n\t\t\t<\/div>\n\t\t\t<div class=\"qodef-e-text\">\n\t\t\t\t<h4 itemprop=\"name\" class=\"qodef-e-title entry-title\" >\n\t<a itemprop=\"url\" class=\"qodef-e-title-link\" href=\"https:\/\/www.szkolenieparalotniowe.pl\/index.php\/2026\/04\/10\/przygotowanie-do-latania\/\">\n\t\tJak przygotowa\u0107 si\u0119 do szkolenia\t<\/a>\n<\/h4>\n\t\t<p itemprop=\"description\" class=\"qodef-e-excerpt\">Pierwszy krok ku chmurom masz ju\u017c za sob\u0105, jeste\u015b zapisany na kurs. Teraz pewnie zastanawiasz si\u0119 jak si\u0119 przygotowa\u0107. Mamy dobr\u0105 wiadomo\u015b\u0107:&nbsp;na start nie potrzebujesz profesjonalnego stroju ani w\u0142asnego sprz\u0119tu. Na szkolenie do uprawnie\u0144 podstawowych nie potrzebujesz te\u017c bada\u0144 le<\/p>\n\t\t\t\t\t<\/div>\n\t\t\t<div class=\"qodef-e-bottom-holder\">\n\t\t\t\t<div class=\"qodef-e-left\">\n\t\t\t\t\t\t<div class=\"qodef-e-read-more\">\n\t\t<a class=\"qodef-shortcode qodef-m qodef-button qodef-layout--filled qodef-html--link\" href=\"https:\/\/www.szkolenieparalotniowe.pl\/index.php\/2026\/04\/10\/przygotowanie-do-latania\/\" target=\"_self\"  >\t<span class=\"qodef-m-text\">Read More<\/span><\/a>\t<\/div>\n\t\t\t\t<\/div>\n\t\t\t<\/div>\n\t\t<\/div>\n\t<\/div>\n<\/article>\n<article class=\"qodef-e qodef-blog-item qodef-grid-item qodef-item--thumbnail post-10071 post type-post status-publish format-standard has-post-thumbnail hentry category-baza-wiedzy\">\n\t<div class=\"qodef-e-inner\">\n\t\t<div class=\"qodef-e-media\">\n\t\t<div class=\"qodef-e-media-image\">\n\t\t<a itemprop=\"url\" href=\"https:\/\/www.szkolenieparalotniowe.pl\/index.php\/2026\/03\/10\/jak-wyglada-wyjazd\/\">\n\t\t\t<img decoding=\"async\" width=\"150\" height=\"150\" src=\"https:\/\/www.szkolenieparalotniowe.pl\/wp-content\/uploads\/2026\/02\/6-150x150.jpeg\" class=\"attachment-thumbnail size-thumbnail wp-post-image\" alt=\"\" srcset=\"https:\/\/www.szkolenieparalotniowe.pl\/wp-content\/uploads\/2026\/02\/6-150x150.jpeg 150w, https:\/\/www.szkolenieparalotniowe.pl\/wp-content\/uploads\/2026\/02\/6-650x650.jpeg 650w\" sizes=\"(max-width: 150px) 100vw, 150px\" \/>\t\t<\/a>\n\t<\/div>\n<\/div>\n\t\t<div class=\"qodef-e-content\">\n\t\t\t<div class=\"qodef-e-top-holder\">\n\t\t\t\t<div class=\"qodef-e-info\">\n\t\t\t\t\t<a href=\"https:\/\/www.szkolenieparalotniowe.pl\/index.php\/category\/baza-wiedzy\/\" rel=\"tag\">Baza Wiedzy<\/a><div class=\"qodef-info-separator-end\"><\/div><a itemprop=\"dateCreated\" href=\"https:\/\/www.szkolenieparalotniowe.pl\/index.php\/2026\/03\/\" class=\"entry-date \">\n\t10 marca, 2026<\/a><div class=\"qodef-info-separator-end\"><\/div>\n\t\t\t\t<\/div>\n\t\t\t<\/div>\n\t\t\t<div class=\"qodef-e-text\">\n\t\t\t\t<h4 itemprop=\"name\" class=\"qodef-e-title entry-title\" >\n\t<a itemprop=\"url\" class=\"qodef-e-title-link\" href=\"https:\/\/www.szkolenieparalotniowe.pl\/index.php\/2026\/03\/10\/jak-wyglada-wyjazd\/\">\n\t\tWyjazd Paralotniowy\t<\/a>\n<\/h4>\n\t\t<p itemprop=\"description\" class=\"qodef-e-excerpt\">Wyjazd paralotniowy to wielka przygoda. Startuje si\u0119 zazwyczaj w miejscach oddalonych od wielkich aglomeracji i leci w nieznane \u2014 pasmami g\u00f3r i niewielkich pag\u00f3rk\u00f3w. W powietrzu przemierza si\u0119 okoliczne regiony, cz\u0119sto us\u0142ane ma\u0142ymi miejscowo\u015bciami i gospodarstwami. S\u0142ycha\u0107 dzwonki i b<\/p>\n\t\t\t\t\t<\/div>\n\t\t\t<div class=\"qodef-e-bottom-holder\">\n\t\t\t\t<div class=\"qodef-e-left\">\n\t\t\t\t\t\t<div class=\"qodef-e-read-more\">\n\t\t<a class=\"qodef-shortcode qodef-m qodef-button qodef-layout--filled qodef-html--link\" href=\"https:\/\/www.szkolenieparalotniowe.pl\/index.php\/2026\/03\/10\/jak-wyglada-wyjazd\/\" target=\"_self\"  >\t<span class=\"qodef-m-text\">Read More<\/span><\/a>\t<\/div>\n\t\t\t\t<\/div>\n\t\t\t<\/div>\n\t\t<\/div>\n\t<\/div>\n<\/article>\n<article class=\"qodef-e qodef-blog-item qodef-grid-item qodef-item--thumbnail post-10091 post type-post status-publish format-standard has-post-thumbnail hentry category-baza-wiedzy\">\n\t<div class=\"qodef-e-inner\">\n\t\t<div class=\"qodef-e-media\">\n\t\t<div class=\"qodef-e-media-image\">\n\t\t<a itemprop=\"url\" href=\"https:\/\/www.szkolenieparalotniowe.pl\/index.php\/2026\/02\/10\/jedniodniowe-szkoleni\/\">\n\t\t\t<img decoding=\"async\" width=\"150\" height=\"150\" src=\"https:\/\/www.szkolenieparalotniowe.pl\/wp-content\/uploads\/2026\/02\/IMG_6634-150x150.jpeg\" class=\"attachment-thumbnail size-thumbnail wp-post-image\" alt=\"\" srcset=\"https:\/\/www.szkolenieparalotniowe.pl\/wp-content\/uploads\/2026\/02\/IMG_6634-150x150.jpeg 150w, https:\/\/www.szkolenieparalotniowe.pl\/wp-content\/uploads\/2026\/02\/IMG_6634-650x650.jpeg 650w, https:\/\/www.szkolenieparalotniowe.pl\/wp-content\/uploads\/2026\/02\/IMG_6634-1300x1300.jpeg 1300w\" sizes=\"(max-width: 150px) 100vw, 150px\" \/>\t\t<\/a>\n\t<\/div>\n<\/div>\n\t\t<div class=\"qodef-e-content\">\n\t\t\t<div class=\"qodef-e-top-holder\">\n\t\t\t\t<div class=\"qodef-e-info\">\n\t\t\t\t\t<a href=\"https:\/\/www.szkolenieparalotniowe.pl\/index.php\/category\/baza-wiedzy\/\" rel=\"tag\">Baza Wiedzy<\/a><div class=\"qodef-info-separator-end\"><\/div><a itemprop=\"dateCreated\" href=\"https:\/\/www.szkolenieparalotniowe.pl\/index.php\/2026\/02\/\" class=\"entry-date \">\n\t10 lutego, 2026<\/a><div class=\"qodef-info-separator-end\"><\/div>\n\t\t\t\t<\/div>\n\t\t\t<\/div>\n\t\t\t<div class=\"qodef-e-text\">\n\t\t\t\t<h4 itemprop=\"name\" class=\"qodef-e-title entry-title\" >\n\t<a itemprop=\"url\" class=\"qodef-e-title-link\" href=\"https:\/\/www.szkolenieparalotniowe.pl\/index.php\/2026\/02\/10\/jedniodniowe-szkoleni\/\">\n\t\tJednodniowe szkolenie zapoznawcze z paralotni\u0105\t<\/a>\n<\/h4>\n\t\t<p itemprop=\"description\" class=\"qodef-e-excerpt\">Nie jeste\u015b pewny czy paralotniarstwo to sport dla Ciebie?Jednodniowe szkolenie zapoznawcze w Borsku to idealna forma, aby spr\u00f3bowa\u0107, poczu\u0107 i si\u0119 przekona\u0107. Jest to propozycja dla tych, kt\u00f3rzy patrz\u0105 w niebo z zachwytem, ale i z lekkim dr\u017ceniem serca. Dla os\u00f3b, kt\u00f3re marz\u0105 o wielkiej pr<\/p>\n\t\t\t\t\t<\/div>\n\t\t\t<div class=\"qodef-e-bottom-holder\">\n\t\t\t\t<div class=\"qodef-e-left\">\n\t\t\t\t\t\t<div class=\"qodef-e-read-more\">\n\t\t<a class=\"qodef-shortcode qodef-m qodef-button qodef-layout--filled qodef-html--link\" href=\"https:\/\/www.szkolenieparalotniowe.pl\/index.php\/2026\/02\/10\/jedniodniowe-szkoleni\/\" target=\"_self\"  >\t<span class=\"qodef-m-text\">Read More<\/span><\/a>\t<\/div>\n\t\t\t\t<\/div>\n\t\t\t<\/div>\n\t\t<\/div>\n\t<\/div>\n<\/article>\n<article class=\"qodef-e qodef-blog-item qodef-grid-item qodef-item--thumbnail post-10160 post type-post status-publish format-standard has-post-thumbnail hentry category-baza-wiedzy\">\n\t<div class=\"qodef-e-inner\">\n\t\t<div class=\"qodef-e-media\">\n\t\t<div class=\"qodef-e-media-image\">\n\t\t<a itemprop=\"url\" href=\"https:\/\/www.szkolenieparalotniowe.pl\/index.php\/2026\/02\/10\/majowka-w-borsku\/\">\n\t\t\t<img loading=\"lazy\" decoding=\"async\" width=\"150\" height=\"150\" src=\"https:\/\/www.szkolenieparalotniowe.pl\/wp-content\/uploads\/2026\/02\/20250501_151346-150x150.jpg\" class=\"attachment-thumbnail size-thumbnail wp-post-image\" alt=\"\" srcset=\"https:\/\/www.szkolenieparalotniowe.pl\/wp-content\/uploads\/2026\/02\/20250501_151346-150x150.jpg 150w, https:\/\/www.szkolenieparalotniowe.pl\/wp-content\/uploads\/2026\/02\/20250501_151346-650x650.jpg 650w, https:\/\/www.szkolenieparalotniowe.pl\/wp-content\/uploads\/2026\/02\/20250501_151346-1300x1300.jpg 1300w\" sizes=\"(max-width: 150px) 100vw, 150px\" \/>\t\t<\/a>\n\t<\/div>\n<\/div>\n\t\t<div class=\"qodef-e-content\">\n\t\t\t<div class=\"qodef-e-top-holder\">\n\t\t\t\t<div class=\"qodef-e-info\">\n\t\t\t\t\t<a href=\"https:\/\/www.szkolenieparalotniowe.pl\/index.php\/category\/baza-wiedzy\/\" rel=\"tag\">Baza Wiedzy<\/a><div class=\"qodef-info-separator-end\"><\/div><a itemprop=\"dateCreated\" href=\"https:\/\/www.szkolenieparalotniowe.pl\/index.php\/2026\/02\/\" class=\"entry-date \">\n\t10 lutego, 2026<\/a><div class=\"qodef-info-separator-end\"><\/div>\n\t\t\t\t<\/div>\n\t\t\t<\/div>\n\t\t\t<div class=\"qodef-e-text\">\n\t\t\t\t<h4 itemprop=\"name\" class=\"qodef-e-title entry-title\" >\n\t<a itemprop=\"url\" class=\"qodef-e-title-link\" href=\"https:\/\/www.szkolenieparalotniowe.pl\/index.php\/2026\/02\/10\/majowka-w-borsku\/\">\n\t\tMaj\u00f3wka\t<\/a>\n<\/h4>\n\t\t<p itemprop=\"description\" class=\"qodef-e-excerpt\">Maj\u00f3wka potrafi by\u0107 przewidywalna\u2026 ale nie w Borsku. Tutaj zamiast t\u0142um\u00f3w na deptaku masz otwart\u0105 przestrze\u0144 lotniska, zapach grilla i d\u017awi\u0119k silnik\u00f3w unosz\u0105cych si\u0119 nad kaszubskimi jeziorami. Je\u015bli chcesz poczu\u0107 prawdziw\u0105 wolno\u015b\u0107 \u2013 to jest ten moment. 2 maja od godziny 12:00 sp<\/p>\n\t\t\t\t\t<\/div>\n\t\t\t<div class=\"qodef-e-bottom-holder\">\n\t\t\t\t<div class=\"qodef-e-left\">\n\t\t\t\t\t\t<div class=\"qodef-e-read-more\">\n\t\t<a class=\"qodef-shortcode qodef-m qodef-button qodef-layout--filled qodef-html--link\" href=\"https:\/\/www.szkolenieparalotniowe.pl\/index.php\/2026\/02\/10\/majowka-w-borsku\/\" target=\"_self\"  >\t<span class=\"qodef-m-text\">Read More<\/span><\/a>\t<\/div>\n\t\t\t\t<\/div>\n\t\t\t<\/div>\n\t\t<\/div>\n\t<\/div>\n<\/article>\n<article class=\"qodef-e qodef-blog-item qodef-grid-item qodef-item--thumbnail post-10049 post type-post status-publish format-standard has-post-thumbnail hentry category-baza-wiedzy\">\n\t<div class=\"qodef-e-inner\">\n\t\t<div class=\"qodef-e-media\">\n\t\t<div class=\"qodef-e-media-image\">\n\t\t<a itemprop=\"url\" href=\"https:\/\/www.szkolenieparalotniowe.pl\/index.php\/2026\/02\/10\/roznice-pomiedzy-paralotniami-ena-a-end\/\">\n\t\t\t<img loading=\"lazy\" decoding=\"async\" width=\"150\" height=\"150\" src=\"https:\/\/www.szkolenieparalotniowe.pl\/wp-content\/uploads\/2026\/02\/Porownanie-EN-A-i-EN-D-150x150.jpg\" class=\"attachment-thumbnail size-thumbnail wp-post-image\" alt=\"\" srcset=\"https:\/\/www.szkolenieparalotniowe.pl\/wp-content\/uploads\/2026\/02\/Porownanie-EN-A-i-EN-D-150x150.jpg 150w, https:\/\/www.szkolenieparalotniowe.pl\/wp-content\/uploads\/2026\/02\/Porownanie-EN-A-i-EN-D-650x650.jpg 650w\" sizes=\"(max-width: 150px) 100vw, 150px\" \/>\t\t<\/a>\n\t<\/div>\n<\/div>\n\t\t<div class=\"qodef-e-content\">\n\t\t\t<div class=\"qodef-e-top-holder\">\n\t\t\t\t<div class=\"qodef-e-info\">\n\t\t\t\t\t<a href=\"https:\/\/www.szkolenieparalotniowe.pl\/index.php\/category\/baza-wiedzy\/\" rel=\"tag\">Baza Wiedzy<\/a><div class=\"qodef-info-separator-end\"><\/div><a itemprop=\"dateCreated\" href=\"https:\/\/www.szkolenieparalotniowe.pl\/index.php\/2026\/02\/\" class=\"entry-date \">\n\t10 lutego, 2026<\/a><div class=\"qodef-info-separator-end\"><\/div>\n\t\t\t\t<\/div>\n\t\t\t<\/div>\n\t\t\t<div class=\"qodef-e-text\">\n\t\t\t\t<h4 itemprop=\"name\" class=\"qodef-e-title entry-title\" >\n\t<a itemprop=\"url\" class=\"qodef-e-title-link\" href=\"https:\/\/www.szkolenieparalotniowe.pl\/index.php\/2026\/02\/10\/roznice-pomiedzy-paralotniami-ena-a-end\/\">\n\t\tR\u00f3\u017cnice pomi\u0119dzy paralotniami EnA a EnD\t<\/a>\n<\/h4>\n\t\t<p itemprop=\"description\" class=\"qodef-e-excerpt\">Jakie s\u0105 r\u00f3\u017cnice mi\u0119dzy EN-A, EN-B, EN-C i EN-D w lataniu przelotowym? To jedno z najcz\u0119stszych pyta\u0144 pocz\u0105tkuj\u0105cych pilot\u00f3w paralotni. Z mojego do\u015bwiadczenia instruktorskiego wynika jednak, \u017ce nawet wielu zaawansowanych pilot\u00f3w nie ma w pe\u0142ni uporz\u0105dkowanej wiedzy o realnych r\u00f3\u017cnic<\/p>\n\t\t\t\t\t<\/div>\n\t\t\t<div class=\"qodef-e-bottom-holder\">\n\t\t\t\t<div class=\"qodef-e-left\">\n\t\t\t\t\t\t<div class=\"qodef-e-read-more\">\n\t\t<a class=\"qodef-shortcode qodef-m qodef-button qodef-layout--filled qodef-html--link\" href=\"https:\/\/www.szkolenieparalotniowe.pl\/index.php\/2026\/02\/10\/roznice-pomiedzy-paralotniami-ena-a-end\/\" target=\"_self\"  >\t<span class=\"qodef-m-text\">Read More<\/span><\/a>\t<\/div>\n\t\t\t\t<\/div>\n\t\t\t<\/div>\n\t\t<\/div>\n\t<\/div>\n<\/article>\n\t<\/div>\n\t<\/div>\n\t\t\t\t<\/div>\n\t\t\t\t<\/div>\n\t\t\t\t\t<\/div>\n\t\t\t\t<\/div>\n\t\t\t\t<\/div>\n\t\t","protected":false},"excerpt":{"rendered":"<p>No posts were found for provided query parameters.<\/p>\n","protected":false},"author":1,"featured_media":0,"parent":0,"menu_order":0,"comment_status":"closed","ping_status":"closed","template":"","meta":{"footnotes":""},"class_list":["post-10043","page","type-page","status-publish","hentry"],"yoast_head":"<!-- This site is optimized with the Yoast SEO plugin v27.5 - https:\/\/yoast.com\/product\/yoast-seo-wordpress\/ -->\n<title>Baza Wiedzy - Kursy Szkolenia Paralotniowe Lotyparalotnia.pl<\/title>\n<meta name=\"description\" content=\"Zapoznaj si\u0119 z do\u015bwiadczeniem naszych instruktor\u00f3w i skorzystaj z naszej bazy wiedzy. To najlepsze miejsce na zdobycie informacji.\" \/>\n<meta name=\"robots\" content=\"index, follow, max-snippet:-1, max-image-preview:large, max-video-preview:-1\" \/>\n<link rel=\"canonical\" href=\"https:\/\/www.szkolenieparalotniowe.pl\/index.php\/baza-wiedzy\/\" \/>\n<meta property=\"og:locale\" content=\"pl_PL\" \/>\n<meta property=\"og:type\" content=\"article\" \/>\n<meta property=\"og:title\" content=\"Baza Wiedzy - Kursy Szkolenia Paralotniowe Lotyparalotnia.pl\" \/>\n<meta property=\"og:description\" content=\"Zapoznaj si\u0119 z do\u015bwiadczeniem naszych instruktor\u00f3w i skorzystaj z naszej bazy wiedzy. To najlepsze miejsce na zdobycie informacji.\" \/>\n<meta property=\"og:url\" content=\"https:\/\/www.szkolenieparalotniowe.pl\/index.php\/baza-wiedzy\/\" \/>\n<meta property=\"og:site_name\" content=\"Kursy Szkolenia Paralotniowe Lotyparalotnia.pl\" \/>\n<meta property=\"article:modified_time\" content=\"2026-02-12T12:20:17+00:00\" \/>\n<meta property=\"og:image\" content=\"https:\/\/www.szkolenieparalotniowe.pl\/wp-content\/uploads\/2025\/12\/cropped-favicon.png\" \/>\n\t<meta property=\"og:image:width\" content=\"512\" \/>\n\t<meta property=\"og:image:height\" content=\"512\" \/>\n\t<meta property=\"og:image:type\" content=\"image\/png\" \/>\n<meta name=\"twitter:card\" content=\"summary_large_image\" \/>\n<meta name=\"twitter:label1\" content=\"Szacowany czas czytania\" \/>\n\t<meta name=\"twitter:data1\" content=\"1 minuta\" \/>\n<script type=\"application\/ld+json\" class=\"yoast-schema-graph\">{\"@context\":\"https:\\\/\\\/schema.org\",\"@graph\":[{\"@type\":\"WebPage\",\"@id\":\"https:\\\/\\\/www.szkolenieparalotniowe.pl\\\/index.php\\\/baza-wiedzy\\\/\",\"url\":\"https:\\\/\\\/www.szkolenieparalotniowe.pl\\\/index.php\\\/baza-wiedzy\\\/\",\"name\":\"Baza Wiedzy - Kursy Szkolenia Paralotniowe Lotyparalotnia.pl\",\"isPartOf\":{\"@id\":\"https:\\\/\\\/www.szkolenieparalotniowe.pl\\\/#website\"},\"datePublished\":\"2026-02-10T18:25:54+00:00\",\"dateModified\":\"2026-02-12T12:20:17+00:00\",\"description\":\"Zapoznaj si\u0119 z do\u015bwiadczeniem naszych instruktor\u00f3w i skorzystaj z naszej bazy wiedzy. To najlepsze miejsce na zdobycie informacji.\",\"breadcrumb\":{\"@id\":\"https:\\\/\\\/www.szkolenieparalotniowe.pl\\\/index.php\\\/baza-wiedzy\\\/#breadcrumb\"},\"inLanguage\":\"pl-PL\",\"potentialAction\":[{\"@type\":\"ReadAction\",\"target\":[\"https:\\\/\\\/www.szkolenieparalotniowe.pl\\\/index.php\\\/baza-wiedzy\\\/\"]}]},{\"@type\":\"BreadcrumbList\",\"@id\":\"https:\\\/\\\/www.szkolenieparalotniowe.pl\\\/index.php\\\/baza-wiedzy\\\/#breadcrumb\",\"itemListElement\":[{\"@type\":\"ListItem\",\"position\":1,\"name\":\"Strona g\u0142\u00f3wna\",\"item\":\"https:\\\/\\\/www.szkolenieparalotniowe.pl\\\/\"},{\"@type\":\"ListItem\",\"position\":2,\"name\":\"Baza Wiedzy\"}]},{\"@type\":\"WebSite\",\"@id\":\"https:\\\/\\\/www.szkolenieparalotniowe.pl\\\/#website\",\"url\":\"https:\\\/\\\/www.szkolenieparalotniowe.pl\\\/\",\"name\":\"Kursy Szkolenia Paralotniowe Lotyparalotnia.pl\",\"description\":\"\",\"publisher\":{\"@id\":\"https:\\\/\\\/www.szkolenieparalotniowe.pl\\\/#organization\"},\"potentialAction\":[{\"@type\":\"SearchAction\",\"target\":{\"@type\":\"EntryPoint\",\"urlTemplate\":\"https:\\\/\\\/www.szkolenieparalotniowe.pl\\\/?s={search_term_string}\"},\"query-input\":{\"@type\":\"PropertyValueSpecification\",\"valueRequired\":true,\"valueName\":\"search_term_string\"}}],\"inLanguage\":\"pl-PL\"},{\"@type\":\"Organization\",\"@id\":\"https:\\\/\\\/www.szkolenieparalotniowe.pl\\\/#organization\",\"name\":\"Lotyparalotnia.pl\",\"url\":\"https:\\\/\\\/www.szkolenieparalotniowe.pl\\\/\",\"logo\":{\"@type\":\"ImageObject\",\"inLanguage\":\"pl-PL\",\"@id\":\"https:\\\/\\\/www.szkolenieparalotniowe.pl\\\/#\\\/schema\\\/logo\\\/image\\\/\",\"url\":\"https:\\\/\\\/www.szkolenieparalotniowe.pl\\\/wp-content\\\/uploads\\\/2025\\\/12\\\/cropped-favicon.png\",\"contentUrl\":\"https:\\\/\\\/www.szkolenieparalotniowe.pl\\\/wp-content\\\/uploads\\\/2025\\\/12\\\/cropped-favicon.png\",\"width\":512,\"height\":512,\"caption\":\"Lotyparalotnia.pl\"},\"image\":{\"@id\":\"https:\\\/\\\/www.szkolenieparalotniowe.pl\\\/#\\\/schema\\\/logo\\\/image\\\/\"}}]}<\/script>\n<!-- \/ Yoast SEO plugin. -->","yoast_head_json":{"title":"Baza Wiedzy - Kursy Szkolenia Paralotniowe Lotyparalotnia.pl","description":"Zapoznaj si\u0119 z do\u015bwiadczeniem naszych instruktor\u00f3w i skorzystaj z naszej bazy wiedzy. To najlepsze miejsce na zdobycie informacji.","robots":{"index":"index","follow":"follow","max-snippet":"max-snippet:-1","max-image-preview":"max-image-preview:large","max-video-preview":"max-video-preview:-1"},"canonical":"https:\/\/www.szkolenieparalotniowe.pl\/index.php\/baza-wiedzy\/","og_locale":"pl_PL","og_type":"article","og_title":"Baza Wiedzy - Kursy Szkolenia Paralotniowe Lotyparalotnia.pl","og_description":"Zapoznaj si\u0119 z do\u015bwiadczeniem naszych instruktor\u00f3w i skorzystaj z naszej bazy wiedzy. To najlepsze miejsce na zdobycie informacji.","og_url":"https:\/\/www.szkolenieparalotniowe.pl\/index.php\/baza-wiedzy\/","og_site_name":"Kursy Szkolenia Paralotniowe Lotyparalotnia.pl","article_modified_time":"2026-02-12T12:20:17+00:00","og_image":[{"width":512,"height":512,"url":"https:\/\/www.szkolenieparalotniowe.pl\/wp-content\/uploads\/2025\/12\/cropped-favicon.png","type":"image\/png"}],"twitter_card":"summary_large_image","twitter_misc":{"Szacowany czas czytania":"1 minuta"},"schema":{"@context":"https:\/\/schema.org","@graph":[{"@type":"WebPage","@id":"https:\/\/www.szkolenieparalotniowe.pl\/index.php\/baza-wiedzy\/","url":"https:\/\/www.szkolenieparalotniowe.pl\/index.php\/baza-wiedzy\/","name":"Baza Wiedzy - Kursy Szkolenia Paralotniowe Lotyparalotnia.pl","isPartOf":{"@id":"https:\/\/www.szkolenieparalotniowe.pl\/#website"},"datePublished":"2026-02-10T18:25:54+00:00","dateModified":"2026-02-12T12:20:17+00:00","description":"Zapoznaj si\u0119 z do\u015bwiadczeniem naszych instruktor\u00f3w i skorzystaj z naszej bazy wiedzy. To najlepsze miejsce na zdobycie informacji.","breadcrumb":{"@id":"https:\/\/www.szkolenieparalotniowe.pl\/index.php\/baza-wiedzy\/#breadcrumb"},"inLanguage":"pl-PL","potentialAction":[{"@type":"ReadAction","target":["https:\/\/www.szkolenieparalotniowe.pl\/index.php\/baza-wiedzy\/"]}]},{"@type":"BreadcrumbList","@id":"https:\/\/www.szkolenieparalotniowe.pl\/index.php\/baza-wiedzy\/#breadcrumb","itemListElement":[{"@type":"ListItem","position":1,"name":"Strona g\u0142\u00f3wna","item":"https:\/\/www.szkolenieparalotniowe.pl\/"},{"@type":"ListItem","position":2,"name":"Baza Wiedzy"}]},{"@type":"WebSite","@id":"https:\/\/www.szkolenieparalotniowe.pl\/#website","url":"https:\/\/www.szkolenieparalotniowe.pl\/","name":"Kursy Szkolenia Paralotniowe Lotyparalotnia.pl","description":"","publisher":{"@id":"https:\/\/www.szkolenieparalotniowe.pl\/#organization"},"potentialAction":[{"@type":"SearchAction","target":{"@type":"EntryPoint","urlTemplate":"https:\/\/www.szkolenieparalotniowe.pl\/?s={search_term_string}"},"query-input":{"@type":"PropertyValueSpecification","valueRequired":true,"valueName":"search_term_string"}}],"inLanguage":"pl-PL"},{"@type":"Organization","@id":"https:\/\/www.szkolenieparalotniowe.pl\/#organization","name":"Lotyparalotnia.pl","url":"https:\/\/www.szkolenieparalotniowe.pl\/","logo":{"@type":"ImageObject","inLanguage":"pl-PL","@id":"https:\/\/www.szkolenieparalotniowe.pl\/#\/schema\/logo\/image\/","url":"https:\/\/www.szkolenieparalotniowe.pl\/wp-content\/uploads\/2025\/12\/cropped-favicon.png","contentUrl":"https:\/\/www.szkolenieparalotniowe.pl\/wp-content\/uploads\/2025\/12\/cropped-favicon.png","width":512,"height":512,"caption":"Lotyparalotnia.pl"},"image":{"@id":"https:\/\/www.szkolenieparalotniowe.pl\/#\/schema\/logo\/image\/"}}]}},"_links":{"self":[{"href":"https:\/\/www.szkolenieparalotniowe.pl\/index.php\/wp-json\/wp\/v2\/pages\/10043","targetHints":{"allow":["GET"]}}],"collection":[{"href":"https:\/\/www.szkolenieparalotniowe.pl\/index.php\/wp-json\/wp\/v2\/pages"}],"about":[{"href":"https:\/\/www.szkolenieparalotniowe.pl\/index.php\/wp-json\/wp\/v2\/types\/page"}],"author":[{"embeddable":true,"href":"https:\/\/www.szkolenieparalotniowe.pl\/index.php\/wp-json\/wp\/v2\/users\/1"}],"replies":[{"embeddable":true,"href":"https:\/\/www.szkolenieparalotniowe.pl\/index.php\/wp-json\/wp\/v2\/comments?post=10043"}],"version-history":[{"count":5,"href":"https:\/\/www.szkolenieparalotniowe.pl\/index.php\/wp-json\/wp\/v2\/pages\/10043\/revisions"}],"predecessor-version":[{"id":10048,"href":"https:\/\/www.szkolenieparalotniowe.pl\/index.php\/wp-json\/wp\/v2\/pages\/10043\/revisions\/10048"}],"wp:attachment":[{"href":"https:\/\/www.szkolenieparalotniowe.pl\/index.php\/wp-json\/wp\/v2\/media?parent=10043"}],"curies":[{"name":"wp","href":"https:\/\/api.w.org\/{rel}","templated":true}]}}